{"id":1499,"date":"2023-03-26T17:47:06","date_gmt":"2023-03-26T17:47:06","guid":{"rendered":"https:\/\/elfar.ch\/elfar_wp\/produkte\/e-motorrad\/zero-2\/"},"modified":"2025-10-10T13:25:12","modified_gmt":"2025-10-10T13:25:12","slug":"firma","status":"publish","type":"page","link":"https:\/\/elfar.ch\/content\/firma\/","title":{"rendered":"Firma"},"content":{"rendered":"\n\n  <div class=\"banner has-hover has-parallax\" id=\"banner-398351142\">\n          <div class=\"banner-inner fill\">\n        <div class=\"banner-bg fill\" data-parallax=\"-3\" data-parallax-container=\".banner\" data-parallax-background>\n            <img loading=\"lazy\" decoding=\"async\" width=\"2560\" height=\"1440\" src=\"https:\/\/elfar.ch\/content\/wp-content\/uploads\/2025\/01\/dji_fly_20241224_115156_848_1735037626060_photo_optimized-002-scaled.jpg\" class=\"bg attachment-original size-original\" alt=\"elfar Laden aussen\" \/>                                    \n                    <\/div>\n\t\t\n        <div class=\"banner-layers container\">\n            <div class=\"fill banner-link\"><\/div>            \n\n   <div id=\"text-box-615918637\" class=\"text-box banner-layer x50 md-x50 lg-x50 y85 md-y85 lg-y85 res-text\">\n                                <div class=\"text-box-content text dark\">\n              \n              <div class=\"text-inner text-center\">\n                  \n\n<section id=\"lead\">\n<div class=\"container\">\n<div class=\"jumbotron\">\n<h1><strong>elfar<\/strong><\/h1>\n<h3 class=\"uppercase\"><strong>Wir fahren elektrisch<\/strong><\/h3>\n<\/div>\n<\/div>\n<\/section>\n\n              <\/div>\n           <\/div>\n                            \n<style>\n#text-box-615918637 .text-box-content {\n  background-color: rgba(0, 0, 0, 0.7);\n  font-size: 100%;\n}\n#text-box-615918637 {\n  width: 100%;\n}\n<\/style>\n    <\/div>\n \n\n        <\/div>\n      <\/div>\n\n            \n<style>\n#banner-398351142 {\n  padding-top: 100%;\n  background-color: rgb(255, 255, 255);\n}\n#banner-398351142 .banner-bg img {\n  object-position: 54% 37%;\n}\n@media (min-width:550px) {\n  #banner-398351142 {\n    padding-top: 50%;\n  }\n}\n<\/style>\n  <\/div>\n\n\n\n\t<section class=\"section\" id=\"section_1398515544\">\n\t\t<div class=\"section-bg fill\" >\n\t\t\t\t\t\t\t\t\t\n\t\t\t\n\n\t\t<\/div>\n\n\t\t\n\n\t\t<div class=\"section-content relative\">\n\t\t\t\n\n<div class=\"row align-middle align-center\"  id=\"row-387595205\">\n\n\n\t<div id=\"col-1481407245\" class=\"col small-12 large-12\"  >\n\t\t\t\t<div class=\"col-inner\"  >\n\t\t\t\n\t\t\t\n\n\t<div id=\"text-3609020870\" class=\"text\">\n\t\t\n\n<h2 style=\"text-align: left;\"><strong>elfar bietet<\/strong><\/h2>\n<div class=\"photopanel\">\n<p style=\"text-align: left;\"><strong>Beratung, Verkauf und Unterhalt von Elektrofahrzeugen vom Einrad zum Vierrad<\/strong><\/p>\n<p style=\"text-align: left;\">Elektrische Fahrzeuge sind heute in unserer hochmobilen Gesellschaft nicht mehr wegzudenken. Bei elfar finden Sie Beratung und Unterst\u00fctzung bei der Anschaffung und Unterhalt Ihres elektrischen Fahrzeuges. Finden Sie bei uns Ihr elektrisches Fahrzeug, welches optimal an Ihre Bed\u00fcrfnisse und Gewohnheiten angepasst ist.<\/p>\n<ul>\n<li>Aktion Elektromobilit\u00e4t, E-Bikes, E-Scooter, E-&#8230;<\/li>\n<li>Ausstellung und Probefahren an Ihrem Anlass<\/li>\n<li>Miete von diversen E-Bikes, E-Scooter, &#8230; ein bis mehrere Tage<\/li>\n<li>Beratung zum Thema nachhaltige Mobilit\u00e4t Pr\u00e4sentation und Vortr\u00e4ge \u00fcber Elektrofahrzeuge, Elektrotankstellen, Reiseberichte, &#8230;<\/li>\n<li>Photovoltaik-Zertifikate f\u00fcr Ihr Elektrofahrzeug<\/li>\n<\/ul>\n<\/div>\n\t\t\n<style>\n#text-3609020870 {\n  text-align: left;\n}\n<\/style>\n\t<\/div>\n\t\n\n\t\t<\/div>\n\t\t\t\t\n<style>\n#col-1481407245 > .col-inner {\n  padding: 0px 20px 0px 0px;\n}\n<\/style>\n\t<\/div>\n\n\t\n\n<\/div>\n\n\t\t<\/div>\n\n\t\t\n<style>\n#section_1398515544 {\n  padding-top: 40px;\n  padding-bottom: 40px;\n  background-color: rgb(204, 204, 204);\n}\n<\/style>\n\t<\/section>\n\t\n\n\t<section class=\"section\" id=\"section_1546627837\">\n\t\t<div class=\"section-bg fill\" >\n\t\t\t\t\t\t\t\t\t\n\t\t\t\n\n\t\t<\/div>\n\n\t\t\n\n\t\t<div class=\"section-content relative\">\n\t\t\t\n\n  <div class=\"banner-grid-wrapper\">\n  <div id=\"banner-grid-1885252315\" class=\"banner-grid row row-grid row-xsmall row-full-width\" data-packery-options=\"\">\n                      \n\n<div class=\"col grid-col small-12 large-6 grid-col-1-2\" ><div class=\"col-inner\">\n\n\n  <div class=\"banner has-hover bg-zoom\" id=\"banner-1482858790\">\n          <div class=\"banner-inner fill\">\n        <div class=\"banner-bg fill\" >\n            <img loading=\"lazy\" decoding=\"async\" width=\"2560\" height=\"1920\" src=\"https:\/\/elfar.ch\/content\/wp-content\/uploads\/2024\/03\/DSCN2669-scaled.jpg\" class=\"bg attachment-original size-original\" alt=\"\" \/>                                    \n                    <\/div>\n\t\t\n        <div class=\"banner-layers container\">\n            <a class=\"fill\" href=\"https:\/\/elfar.ch\/content\/firma\/laden\/\" ><div class=\"fill banner-link\"><\/div><\/a>            \n\n   <div id=\"text-box-615472010\" class=\"text-box banner-layer x50 md-x50 lg-x50 y95 md-y95 lg-y95 res-text\">\n                                <div class=\"text-box-content text dark\">\n              \n              <div class=\"text-inner text-center\">\n                  \n\n<h3><strong>Laden<\/strong><\/h3>\n<h4>Aussergew\u00f6hnliche Vielfalt zum Anfasssen<\/h4>\n\n              <\/div>\n           <\/div>\n                            \n<style>\n#text-box-615472010 .text-box-content {\n  background-color: rgba(0, 0, 0, 0.6);\n  font-size: 100%;\n}\n#text-box-615472010 {\n  width: 100%;\n}\n<\/style>\n    <\/div>\n \n\n        <\/div>\n      <\/div>\n\n            \n<style>\n#banner-1482858790 {\n  padding-top: 500px;\n  background-color: rgb(255, 255, 255);\n}\n#banner-1482858790 .banner-bg img {\n  object-position: 39% 73%;\n}\n<\/style>\n  <\/div>\n\n\n\n<\/div><\/div>\n<div class=\"col grid-col small-12 large-6 grid-col-1-2\" ><div class=\"col-inner\">\n\n\n  <div class=\"banner has-hover bg-zoom\" id=\"banner-1484818184\">\n          <div class=\"banner-inner fill\">\n        <div class=\"banner-bg fill\" >\n            <img loading=\"lazy\" decoding=\"async\" width=\"600\" height=\"400\" src=\"https:\/\/elfar.ch\/content\/wp-content\/uploads\/2023\/03\/Werkstatt-Ebike.jpg\" class=\"bg attachment-original size-original\" alt=\"\" \/>                                    \n                    <\/div>\n\t\t\n        <div class=\"banner-layers container\">\n            <a class=\"fill\" href=\"https:\/\/elfar.ch\/content\/firma\/werkstatt\" ><div class=\"fill banner-link\"><\/div><\/a>            \n\n   <div id=\"text-box-1822353908\" class=\"text-box banner-layer x50 md-x50 lg-x50 y95 md-y95 lg-y95 res-text\">\n                                <div class=\"text-box-content text dark\">\n              \n              <div class=\"text-inner text-center\">\n                  \n\n<h3><strong>Werkstatt<\/strong><\/h3>\n<h4>Reperatur, Service und Anpassungen<\/h4>\n\n              <\/div>\n           <\/div>\n                            \n<style>\n#text-box-1822353908 .text-box-content {\n  background-color: rgba(0, 0, 0, 0.6);\n  font-size: 100%;\n}\n#text-box-1822353908 {\n  width: 100%;\n}\n<\/style>\n    <\/div>\n \n\n        <\/div>\n      <\/div>\n\n            \n<style>\n#banner-1484818184 {\n  padding-top: 500px;\n  background-color: rgb(255, 255, 255);\n}\n#banner-1484818184 .banner-bg img {\n  object-position: 52% 49%;\n}\n<\/style>\n  <\/div>\n\n\n\n<\/div><\/div>\n<div class=\"col grid-col small-12 large-6 grid-col-1-2\" ><div class=\"col-inner\">\n\n\n  <div class=\"banner has-hover\" id=\"banner-585612063\">\n          <div class=\"banner-inner fill\">\n        <div class=\"banner-bg fill\" >\n            <img loading=\"lazy\" decoding=\"async\" width=\"1920\" height=\"1288\" src=\"https:\/\/elfar.ch\/content\/wp-content\/uploads\/2023\/03\/play-stone-1738160-1920.jpg\" class=\"bg attachment-original size-original\" alt=\"\" \/>                                    \n                    <\/div>\n\t\t\n        <div class=\"banner-layers container\">\n            <a class=\"fill\" href=\"https:\/\/elfar.ch\/content\/firma\/team\/\" ><div class=\"fill banner-link\"><\/div><\/a>            \n\n   <div id=\"text-box-1368021109\" class=\"text-box banner-layer x50 md-x50 lg-x50 y95 md-y95 lg-y95 res-text\">\n                                <div class=\"text-box-content text dark\">\n              \n              <div class=\"text-inner text-center\">\n                  \n\n<h3><strong>Team<\/strong><\/h3>\n<h4>Unsere Spezialisten<\/h4>\n\n              <\/div>\n           <\/div>\n                            \n<style>\n#text-box-1368021109 .text-box-content {\n  background-color: rgba(0, 0, 0, 0.6);\n  font-size: 100%;\n}\n#text-box-1368021109 {\n  width: 100%;\n}\n<\/style>\n    <\/div>\n \n\n        <\/div>\n      <\/div>\n\n            \n<style>\n#banner-585612063 {\n  padding-top: 500px;\n  background-color: rgb(255, 255, 255);\n}\n#banner-585612063 .banner-bg img {\n  object-position: 58% 49%;\n}\n<\/style>\n  <\/div>\n\n\n\n<\/div><\/div>\n<div class=\"col grid-col small-12 large-6 grid-col-1-2\" ><div class=\"col-inner\">\n\n\n  <div class=\"banner has-hover\" id=\"banner-1290395250\">\n          <div class=\"banner-inner fill\">\n        <div class=\"banner-bg fill\" >\n            <img loading=\"lazy\" decoding=\"async\" width=\"1600\" height=\"849\" src=\"https:\/\/elfar.ch\/content\/wp-content\/uploads\/2023\/03\/elfar_map.jpg\" class=\"bg attachment-original size-original\" alt=\"\" \/>                                    \n                    <\/div>\n\t\t\n        <div class=\"banner-layers container\">\n            <a class=\"fill\" href=\"https:\/\/elfar.ch\/content\/kontakt\/\" ><div class=\"fill banner-link\"><\/div><\/a>            \n\n   <div id=\"text-box-17486708\" class=\"text-box banner-layer x50 md-x50 lg-x50 y95 md-y95 lg-y95 res-text\">\n                                <div class=\"text-box-content text dark\">\n              \n              <div class=\"text-inner text-center\">\n                  \n\n<h3><strong>Standort<\/strong><\/h3>\n<h4>und \u00d6ffnungszeiten<strong><br \/><\/strong><\/h4>\n\n              <\/div>\n           <\/div>\n                            \n<style>\n#text-box-17486708 .text-box-content {\n  background-color: rgba(0, 0, 0, 0.6);\n  font-size: 100%;\n}\n#text-box-17486708 {\n  width: 100%;\n}\n<\/style>\n    <\/div>\n \n\n        <\/div>\n      <\/div>\n\n            \n<style>\n#banner-1290395250 {\n  padding-top: 500px;\n  background-color: rgb(255, 255, 255);\n}\n#banner-1290395250 .banner-bg img {\n  object-position: 46% 42%;\n}\n<\/style>\n  <\/div>\n\n\n\n<\/div><\/div>\n\n            <\/div>\n    <style>\n    #banner-grid-1885252315 .grid-col-1{height: 600px}\n    #banner-grid-1885252315 .grid-col-1-2{height: 300px}\n    #banner-grid-1885252315 .grid-col-1-3{height:200px}\n    #banner-grid-1885252315 .grid-col-2-3{height: 400px}\n    #banner-grid-1885252315 .grid-col-1-4{height: 150px}\n    #banner-grid-1885252315 .grid-col-3-4{height: 450px}\n\n\n    \n    \n\n  <\/style>\n    <\/div>\n  \n\n\t\t<\/div>\n\n\t\t\n<style>\n#section_1546627837 {\n  padding-top: 0px;\n  padding-bottom: 0px;\n}\n<\/style>\n\t<\/section>\n\t\n\n\t<section class=\"section\" id=\"section_254196454\">\n\t\t<div class=\"section-bg fill\" >\n\t\t\t\t\t\t\t\t\t\n\t\t\t\n\n\t\t<\/div>\n\n\t\t\n\n\t\t<div class=\"section-content relative\">\n\t\t\t\n\n<div class=\"text-center\"><div class=\"is-divider divider clearfix\" style=\"margin-top:20px;margin-bottom:20px;max-width:100%;height:1px;background-color:rgb(204, 204, 204);\"><\/div><\/div>\n\n<div class=\"row row-collapse align-middle align-center\"  id=\"row-1973814474\">\n\n\n\t<div id=\"col-554032823\" class=\"col small-12 large-12\"  >\n\t\t\t\t<div class=\"col-inner\"  >\n\t\t\t\n\t\t\t\n\n\t<div id=\"text-2728447354\" class=\"text\">\n\t\t\n\n<h1 style=\"text-align: center;\"><em>&#8222;elfar lebt in der <\/em><br><em>Gegenwart<\/em><br><em>und denkt an die <\/em><br><em>Zukunft&#8220;<\/em><\/h1>\n\t\t\n<style>\n#text-2728447354 {\n  font-size: 2rem;\n  text-align: left;\n}\n<\/style>\n\t<\/div>\n\t\n\n\t\t<\/div>\n\t\t\t\t\n<style>\n#col-554032823 > .col-inner {\n  padding: 0px 20px 0px 20px;\n}\n<\/style>\n\t<\/div>\n\n\t\n\n<\/div>\n<div class=\"text-center\"><div class=\"is-divider divider clearfix\" style=\"margin-top:20px;margin-bottom:20px;max-width:100%;height:1px;background-color:rgb(204, 204, 204);\"><\/div><\/div>\n\n\n\t\t<\/div>\n\n\t\t\n<style>\n#section_254196454 {\n  padding-top: 30px;\n  padding-bottom: 30px;\n}\n<\/style>\n\t<\/section>\n\t\n\n\n","protected":false},"excerpt":{"rendered":"","protected":false},"author":1,"featured_media":0,"parent":0,"menu_order":2,"comment_status":"closed","ping_status":"closed","template":"","meta":{"footnotes":""},"class_list":["post-1499","page","type-page","status-publish","hentry"],"yoast_head":"<!-- This site is optimized with the Yoast SEO plugin v27.4 - https:\/\/yoast.com\/product\/yoast-seo-wordpress\/ -->\n<title>Firma - Elfar<\/title>\n<meta name=\"description\" content=\"elfar der Elektrofahrzeugh\u00e4ndler mit der breitesten Auswahl.\" \/>\n<meta name=\"robots\" content=\"index, follow, max-snippet:-1, max-image-preview:large, max-video-preview:-1\" \/>\n<link rel=\"canonical\" href=\"https:\/\/elfar.ch\/content\/firma\/\" \/>\n<meta property=\"og:locale\" content=\"de_DE\" \/>\n<meta property=\"og:type\" content=\"article\" \/>\n<meta property=\"og:title\" content=\"Firma - Elfar\" \/>\n<meta property=\"og:description\" content=\"elfar der Elektrofahrzeugh\u00e4ndler mit der breitesten Auswahl.\" \/>\n<meta property=\"og:url\" content=\"https:\/\/elfar.ch\/content\/firma\/\" \/>\n<meta property=\"og:site_name\" content=\"Elfar\" \/>\n<meta property=\"article:modified_time\" content=\"2025-10-10T13:25:12+00:00\" \/>\n<meta name=\"twitter:card\" content=\"summary_large_image\" \/>\n<meta name=\"twitter:label1\" content=\"Gesch\u00e4tzte Lesezeit\" \/>\n\t<meta name=\"twitter:data1\" content=\"3\u00a0Minuten\" \/>\n<script type=\"application\/ld+json\" class=\"yoast-schema-graph\">{\"@context\":\"https:\\\/\\\/schema.org\",\"@graph\":[{\"@type\":\"WebPage\",\"@id\":\"https:\\\/\\\/elfar.ch\\\/content\\\/firma\\\/\",\"url\":\"https:\\\/\\\/elfar.ch\\\/content\\\/firma\\\/\",\"name\":\"Firma - Elfar\",\"isPartOf\":{\"@id\":\"https:\\\/\\\/elfar.ch\\\/content\\\/#website\"},\"datePublished\":\"2023-03-26T17:47:06+00:00\",\"dateModified\":\"2025-10-10T13:25:12+00:00\",\"description\":\"elfar der Elektrofahrzeugh\u00e4ndler mit der breitesten Auswahl.\",\"breadcrumb\":{\"@id\":\"https:\\\/\\\/elfar.ch\\\/content\\\/firma\\\/#breadcrumb\"},\"inLanguage\":\"de\",\"potentialAction\":[{\"@type\":\"ReadAction\",\"target\":[\"https:\\\/\\\/elfar.ch\\\/content\\\/firma\\\/\"]}]},{\"@type\":\"BreadcrumbList\",\"@id\":\"https:\\\/\\\/elfar.ch\\\/content\\\/firma\\\/#breadcrumb\",\"itemListElement\":[{\"@type\":\"ListItem\",\"position\":1,\"name\":\"Startseite\",\"item\":\"https:\\\/\\\/elfar.ch\\\/content\\\/\"},{\"@type\":\"ListItem\",\"position\":2,\"name\":\"Firma\"}]},{\"@type\":\"WebSite\",\"@id\":\"https:\\\/\\\/elfar.ch\\\/content\\\/#website\",\"url\":\"https:\\\/\\\/elfar.ch\\\/content\\\/\",\"name\":\"elfar\",\"description\":\"Wir fahren elektrisch\",\"publisher\":{\"@id\":\"https:\\\/\\\/elfar.ch\\\/content\\\/#organization\"},\"potentialAction\":[{\"@type\":\"SearchAction\",\"target\":{\"@type\":\"EntryPoint\",\"urlTemplate\":\"https:\\\/\\\/elfar.ch\\\/content\\\/?s={search_term_string}\"},\"query-input\":{\"@type\":\"PropertyValueSpecification\",\"valueRequired\":true,\"valueName\":\"search_term_string\"}}],\"inLanguage\":\"de\"},{\"@type\":\"Organization\",\"@id\":\"https:\\\/\\\/elfar.ch\\\/content\\\/#organization\",\"name\":\"elfar GmbH\",\"url\":\"https:\\\/\\\/elfar.ch\\\/content\\\/\",\"logo\":{\"@type\":\"ImageObject\",\"inLanguage\":\"de\",\"@id\":\"https:\\\/\\\/elfar.ch\\\/content\\\/#\\\/schema\\\/logo\\\/image\\\/\",\"url\":\"https:\\\/\\\/elfar.ch\\\/content\\\/wp-content\\\/uploads\\\/2022\\\/12\\\/logo4.png\",\"contentUrl\":\"https:\\\/\\\/elfar.ch\\\/content\\\/wp-content\\\/uploads\\\/2022\\\/12\\\/logo4.png\",\"width\":543,\"height\":204,\"caption\":\"elfar GmbH\"},\"image\":{\"@id\":\"https:\\\/\\\/elfar.ch\\\/content\\\/#\\\/schema\\\/logo\\\/image\\\/\"},\"sameAs\":[\"https:\\\/\\\/www.instagram.com\\\/elfar_gmbh\\\/\"]}]}<\/script>\n<!-- \/ Yoast SEO plugin. -->","yoast_head_json":{"title":"Firma - Elfar","description":"elfar der Elektrofahrzeugh\u00e4ndler mit der breitesten Auswahl.","robots":{"index":"index","follow":"follow","max-snippet":"max-snippet:-1","max-image-preview":"max-image-preview:large","max-video-preview":"max-video-preview:-1"},"canonical":"https:\/\/elfar.ch\/content\/firma\/","og_locale":"de_DE","og_type":"article","og_title":"Firma - Elfar","og_description":"elfar der Elektrofahrzeugh\u00e4ndler mit der breitesten Auswahl.","og_url":"https:\/\/elfar.ch\/content\/firma\/","og_site_name":"Elfar","article_modified_time":"2025-10-10T13:25:12+00:00","twitter_card":"summary_large_image","twitter_misc":{"Gesch\u00e4tzte Lesezeit":"3\u00a0Minuten"},"schema":{"@context":"https:\/\/schema.org","@graph":[{"@type":"WebPage","@id":"https:\/\/elfar.ch\/content\/firma\/","url":"https:\/\/elfar.ch\/content\/firma\/","name":"Firma - Elfar","isPartOf":{"@id":"https:\/\/elfar.ch\/content\/#website"},"datePublished":"2023-03-26T17:47:06+00:00","dateModified":"2025-10-10T13:25:12+00:00","description":"elfar der Elektrofahrzeugh\u00e4ndler mit der breitesten Auswahl.","breadcrumb":{"@id":"https:\/\/elfar.ch\/content\/firma\/#breadcrumb"},"inLanguage":"de","potentialAction":[{"@type":"ReadAction","target":["https:\/\/elfar.ch\/content\/firma\/"]}]},{"@type":"BreadcrumbList","@id":"https:\/\/elfar.ch\/content\/firma\/#breadcrumb","itemListElement":[{"@type":"ListItem","position":1,"name":"Startseite","item":"https:\/\/elfar.ch\/content\/"},{"@type":"ListItem","position":2,"name":"Firma"}]},{"@type":"WebSite","@id":"https:\/\/elfar.ch\/content\/#website","url":"https:\/\/elfar.ch\/content\/","name":"elfar","description":"Wir fahren elektrisch","publisher":{"@id":"https:\/\/elfar.ch\/content\/#organization"},"potentialAction":[{"@type":"SearchAction","target":{"@type":"EntryPoint","urlTemplate":"https:\/\/elfar.ch\/content\/?s={search_term_string}"},"query-input":{"@type":"PropertyValueSpecification","valueRequired":true,"valueName":"search_term_string"}}],"inLanguage":"de"},{"@type":"Organization","@id":"https:\/\/elfar.ch\/content\/#organization","name":"elfar GmbH","url":"https:\/\/elfar.ch\/content\/","logo":{"@type":"ImageObject","inLanguage":"de","@id":"https:\/\/elfar.ch\/content\/#\/schema\/logo\/image\/","url":"https:\/\/elfar.ch\/content\/wp-content\/uploads\/2022\/12\/logo4.png","contentUrl":"https:\/\/elfar.ch\/content\/wp-content\/uploads\/2022\/12\/logo4.png","width":543,"height":204,"caption":"elfar GmbH"},"image":{"@id":"https:\/\/elfar.ch\/content\/#\/schema\/logo\/image\/"},"sameAs":["https:\/\/www.instagram.com\/elfar_gmbh\/"]}]}},"_links":{"self":[{"href":"https:\/\/elfar.ch\/content\/wp-json\/wp\/v2\/pages\/1499","targetHints":{"allow":["GET"]}}],"collection":[{"href":"https:\/\/elfar.ch\/content\/wp-json\/wp\/v2\/pages"}],"about":[{"href":"https:\/\/elfar.ch\/content\/wp-json\/wp\/v2\/types\/page"}],"author":[{"embeddable":true,"href":"https:\/\/elfar.ch\/content\/wp-json\/wp\/v2\/users\/1"}],"replies":[{"embeddable":true,"href":"https:\/\/elfar.ch\/content\/wp-json\/wp\/v2\/comments?post=1499"}],"version-history":[{"count":17,"href":"https:\/\/elfar.ch\/content\/wp-json\/wp\/v2\/pages\/1499\/revisions"}],"predecessor-version":[{"id":2246,"href":"https:\/\/elfar.ch\/content\/wp-json\/wp\/v2\/pages\/1499\/revisions\/2246"}],"wp:attachment":[{"href":"https:\/\/elfar.ch\/content\/wp-json\/wp\/v2\/media?parent=1499"}],"curies":[{"name":"wp","href":"https:\/\/api.w.org\/{rel}","templated":true}]}}