{"id":1511,"date":"2023-03-26T18:47:01","date_gmt":"2023-03-26T18:47:01","guid":{"rendered":"https:\/\/elfar.ch\/elfar_wp\/zero-2-2\/laden\/"},"modified":"2024-03-22T09:19:27","modified_gmt":"2024-03-22T09:19:27","slug":"laden","status":"publish","type":"page","link":"https:\/\/elfar.ch\/content\/firma\/laden\/","title":{"rendered":"Laden"},"content":{"rendered":"\n\n  <div class=\"banner has-hover has-parallax\" id=\"banner-1574546592\">\n          <div class=\"banner-inner fill\">\n        <div class=\"banner-bg fill\" data-parallax=\"-3\" data-parallax-container=\".banner\" data-parallax-background>\n            <img loading=\"lazy\" decoding=\"async\" width=\"2560\" height=\"1920\" src=\"https:\/\/elfar.ch\/content\/wp-content\/uploads\/2024\/03\/DJI_0212_2-scaled.jpg\" class=\"bg attachment-original size-original\" alt=\"\" \/>                        <div class=\"overlay\"><\/div>            \n                    <\/div>\n\t\t\n        <div class=\"banner-layers container\">\n            <div class=\"fill banner-link\"><\/div>            \n\n   <div id=\"text-box-1073450553\" class=\"text-box banner-layer x50 md-x50 lg-x50 y85 md-y85 lg-y85 res-text\">\n                                <div class=\"text-box-content text dark\">\n              \n              <div class=\"text-inner text-center\">\n                  \n\n<section id=\"lead\">\n<div class=\"container\">\n<div class=\"jumbotron\">\n<h1 class=\"uppercase\"><strong>Laden<br \/><\/strong><\/h1>\n<h3 class=\"uppercase\"><strong>Aussergew\u00f6hnliche Vielfalt zum Anfassen<\/strong><\/h3>\n<\/div>\n<\/div>\n<\/section>\n\n              <\/div>\n           <\/div>\n                            \n<style>\n#text-box-1073450553 .text-box-content {\n  background-color: rgba(0, 0, 0, 0.7);\n  border-radius: 6px;\n  font-size: 100%;\n}\n#text-box-1073450553 {\n  width: 100%;\n}\n<\/style>\n    <\/div>\n \n\n        <\/div>\n      <\/div>\n\n            \n<style>\n#banner-1574546592 {\n  padding-top: 100%;\n  background-color: rgb(255, 255, 255);\n}\n#banner-1574546592 .overlay {\n  background-color: rgba(0, 0, 0, 0.17);\n}\n#banner-1574546592 .banner-bg img {\n  object-position: 42% 47%;\n}\n@media (min-width:550px) {\n  #banner-1574546592 {\n    padding-top: 50%;\n  }\n}\n<\/style>\n  <\/div>\n\n\n\n\t<section class=\"section\" id=\"section_1401213105\">\n\t\t<div class=\"section-bg fill\" >\n\t\t\t\t\t\t\t\t\t\n\t\t\t\n\n\t\t<\/div>\n\n\t\t\n\n\t\t<div class=\"section-content relative\">\n\t\t\t\n\n<div class=\"row row-collapse align-center\"  id=\"row-369999510\">\n\n\n\t<div id=\"col-1412180179\" class=\"col small-12 large-12\"  >\n\t\t\t\t<div class=\"col-inner\"  >\n\t\t\t\n\t\t\t\n\n<p>Entdecken Sie in unserer grossen Fahrzeugausstellung die ganze Vielfalt der elektrischen Fortbewegung. Ob Ein-, Zwei- oder Dreirad \u2013 Hauptsache der Antrieb ist elektrisch!<\/p>\n<p>Jedes Fahrzeug, das wir in unserem Laden ausgestellt haben, d\u00fcrfen Sie unverbindlich austesten.<\/p>\n\n\t\t<\/div>\n\t\t\t\t\n<style>\n#col-1412180179 > .col-inner {\n  padding: 0px 20px 0px 20px;\n}\n@media (min-width:550px) {\n  #col-1412180179 > .col-inner {\n    padding: 0px 20px 0px 20px;\n  }\n}\n<\/style>\n\t<\/div>\n\n\t\n\n<\/div>\n\n\t\t<\/div>\n\n\t\t\n<style>\n#section_1401213105 {\n  padding-top: 40px;\n  padding-bottom: 40px;\n  background-color: rgb(204, 204, 204);\n}\n<\/style>\n\t<\/section>\n\t\n\n\t<section class=\"section\" id=\"section_872341296\">\n\t\t<div class=\"section-bg fill\" >\n\t\t\t\t\t\t\t\t\t\n\t\t\t\n\n\t\t<\/div>\n\n\t\t\n\n\t\t<div class=\"section-content relative\">\n\t\t\t\n\n<div class=\"row row-collapse row-full-width align-middle\"  id=\"row-164450558\">\n\n\n\t<div id=\"col-9190630\" class=\"col medium-12 small-12 large-6\"  >\n\t\t\t\t<div class=\"col-inner text-center\"  >\n\t\t\t\n\t\t\t\n\n\t<div id=\"text-3562421002\" class=\"text\">\n\t\t\n\n<p>Wir bieten eine riesige Auswahl an E-Bikes zum Kennenlernen und Ausprobieren an. Von etablierten Premiummarken wie Wheeler, Bixs, Kristall, Nihola, PF-Mobility, Asfalt und Flyer bis hin zu interessanten Exoten wie die Styriette das E-Fati, MyEsel und das V-OCO E-Bike \u2013 wir finden f\u00fcr jeden unserer Kunden das perfekte Elektrovelo!<\/p>\n<p>Unser breit gef\u00e4chertes Angebot h\u00f6rt noch lange nicht bei den E-Bikes auf, denn wir setzen auch bei den E-Scootern und E-Motorr\u00e4der auf eine m\u00f6glichst breite Diversifikation, damit m\u00f6glichst all Ihre Bed\u00fcrfnisse bei uns abgedeckt sind. Alle namenhaften Marken wie Zero, Surron, Super Soco, NIU, Eccity, &#8230; finden Sie bei uns.<\/p>\n<p>Nicht zuletzt mit dem sparsamsten Serien-Elektroauto, dem Twike, betonen wir unsere aussergew\u00f6hnliche Vielfalt bei der elektrischen Mobilit\u00e4t.<\/p>\n\t\t\n<style>\n#text-3562421002 {\n  text-align: left;\n}\n<\/style>\n\t<\/div>\n\t\n\n\t\t<\/div>\n\t\t\t\t\n<style>\n#col-9190630 > .col-inner {\n  padding: 7% 20px 10% 20px;\n  max-width: 520px;\n}\n@media (min-width:550px) {\n  #col-9190630 > .col-inner {\n    padding: 7% 0px 10% 0px;\n  }\n}\n@media (min-width:850px) {\n  #col-9190630 > .col-inner {\n    padding: 7% 10% 10% 0px;\n  }\n}\n<\/style>\n\t<\/div>\n\n\t\n\n\t<div id=\"col-486869021\" class=\"col medium-12 small-12 large-6\"  >\n\t\t\t\t<div class=\"col-inner\"  >\n\t\t\t\n\t\t\t\n\n\t<div class=\"img has-hover x md-x lg-x y md-y lg-y\" id=\"image_1529188324\">\n\t\t\t\t\t\t\t\t<div class=\"img-inner image-cover dark\" style=\"padding-top:56.25%;\">\n\t\t\t<img loading=\"lazy\" decoding=\"async\" width=\"2560\" height=\"1920\" src=\"https:\/\/elfar.ch\/content\/wp-content\/uploads\/2024\/03\/Photo_1080296034_DJI_610_jpg_19039249_0_2021811132324_photo_original-scaled.jpg\" class=\"attachment-original size-original\" alt=\"\" srcset=\"https:\/\/elfar.ch\/content\/wp-content\/uploads\/2024\/03\/Photo_1080296034_DJI_610_jpg_19039249_0_2021811132324_photo_original-scaled.jpg 2560w, https:\/\/elfar.ch\/content\/wp-content\/uploads\/2024\/03\/Photo_1080296034_DJI_610_jpg_19039249_0_2021811132324_photo_original-300x225.jpg 300w, https:\/\/elfar.ch\/content\/wp-content\/uploads\/2024\/03\/Photo_1080296034_DJI_610_jpg_19039249_0_2021811132324_photo_original-1024x768.jpg 1024w, https:\/\/elfar.ch\/content\/wp-content\/uploads\/2024\/03\/Photo_1080296034_DJI_610_jpg_19039249_0_2021811132324_photo_original-768x576.jpg 768w, https:\/\/elfar.ch\/content\/wp-content\/uploads\/2024\/03\/Photo_1080296034_DJI_610_jpg_19039249_0_2021811132324_photo_original-1536x1152.jpg 1536w, https:\/\/elfar.ch\/content\/wp-content\/uploads\/2024\/03\/Photo_1080296034_DJI_610_jpg_19039249_0_2021811132324_photo_original-2048x1536.jpg 2048w\" sizes=\"auto, (max-width: 2560px) 100vw, 2560px\" \/>\t\t\t\t\t\t\n\t\t\t\t\t<\/div>\n\t\t\t\t\t\t\t\t\n<style>\n#image_1529188324 {\n  width: 100%;\n}\n<\/style>\n\t<\/div>\n\t\n\n\n\t\t<\/div>\n\t\t\t\t\t<\/div>\n\n\t\n\n<\/div>\n\n\t\t<\/div>\n\n\t\t\n<style>\n#section_872341296 {\n  padding-top: 0px;\n  padding-bottom: 0px;\n}\n<\/style>\n\t<\/section>\n\t\n\n\t<section class=\"section\" id=\"section_1726160747\">\n\t\t<div class=\"section-bg fill\" >\n\t\t\t\t\t\t\t\t\t\n\t\t\t\n\n\t\t<\/div>\n\n\t\t\n\n\t\t<div class=\"section-content relative\">\n\t\t\t\n\n<div class=\"row row-collapse row-full-width align-middle\"  id=\"row-941386045\">\n\n\n\t<div id=\"col-1251930181\" class=\"col medium-12 small-12 large-6\"  >\n\t\t\t\t<div class=\"col-inner text-center\"  >\n\t\t\t\n\t\t\t\n\n\t<div id=\"text-3958589890\" class=\"text\">\n\t\t\n\n<p>Brauchen Sie noch einen passenden Helm, stylischen Korb, massives Schloss oder bequeme Velotasche? Dann erkunden Sie unseren Zubeh\u00f6rbereich.<\/p>\n<p>Sie werden erstaunt sein, was Sie f\u00fcr Spezialit\u00e4ten vorfinden werden; z.B. der unsichtbare Fahrradhelm von H\u00f6vding, der wie ein Airbag funktioniert.<\/p>\n<p>Zudem beobachten wir genau die M\u00e4rkte mit ihren steten Neuerungen und Innovationen, um Ihnen das Neuste und Modernste anbieten zu k\u00f6nnen. Vorausgesetzt die Produkte erf\u00fcllen unsere hohen Qualit\u00e4ts- und Sicherheitsanspr\u00fcche.<\/p>\n\t\t\n<style>\n#text-3958589890 {\n  text-align: left;\n}\n<\/style>\n\t<\/div>\n\t\n\n\t\t<\/div>\n\t\t\t\t\n<style>\n#col-1251930181 > .col-inner {\n  padding: 7% 20px 10% 20px;\n  max-width: 520px;\n}\n@media (min-width:550px) {\n  #col-1251930181 > .col-inner {\n    padding: 7% 0px 10% 0px;\n  }\n}\n@media (min-width:850px) {\n  #col-1251930181 > .col-inner {\n    padding: 7% 10% 10% 0px;\n  }\n}\n<\/style>\n\t<\/div>\n\n\t\n\n\t<div id=\"col-1269243944\" class=\"col medium-12 small-12 large-6\"  >\n\t\t\t\t<div class=\"col-inner\"  >\n\t\t\t\n\t\t\t\n\n\t<div class=\"img has-hover x md-x lg-x y md-y lg-y\" id=\"image_1951743789\">\n\t\t\t\t\t\t\t\t<div class=\"img-inner image-cover dark\" style=\"padding-top:56.25%;\">\n\t\t\t<img loading=\"lazy\" decoding=\"async\" width=\"895\" height=\"596\" src=\"https:\/\/elfar.ch\/content\/wp-content\/uploads\/2023\/03\/Laden-3.jpg\" class=\"attachment-original size-original\" alt=\"\" srcset=\"https:\/\/elfar.ch\/content\/wp-content\/uploads\/2023\/03\/Laden-3.jpg 895w, https:\/\/elfar.ch\/content\/wp-content\/uploads\/2023\/03\/Laden-3-300x200.jpg 300w, https:\/\/elfar.ch\/content\/wp-content\/uploads\/2023\/03\/Laden-3-768x511.jpg 768w\" sizes=\"auto, (max-width: 895px) 100vw, 895px\" \/>\t\t\t\t\t\t\n\t\t\t\t\t<\/div>\n\t\t\t\t\t\t\t\t\n<style>\n#image_1951743789 {\n  width: 100%;\n}\n<\/style>\n\t<\/div>\n\t\n\n\n\t\t<\/div>\n\t\t\t\t\t<\/div>\n\n\t\n\n<\/div>\n\n\t\t<\/div>\n\n\t\t\n<style>\n#section_1726160747 {\n  padding-top: 0px;\n  padding-bottom: 0px;\n  background-color: rgb(204, 204, 204);\n}\n<\/style>\n\t<\/section>\n\t\n\n\n","protected":false},"excerpt":{"rendered":"","protected":false},"author":1,"featured_media":0,"parent":1499,"menu_order":0,"comment_status":"closed","ping_status":"closed","template":"","meta":{"footnotes":""},"class_list":["post-1511","page","type-page","status-publish","hentry"],"yoast_head":"<!-- This site is optimized with the Yoast SEO plugin v27.4 - https:\/\/yoast.com\/product\/yoast-seo-wordpress\/ -->\n<title>Laden - Elfar<\/title>\n<meta name=\"robots\" content=\"index, follow, max-snippet:-1, max-image-preview:large, max-video-preview:-1\" \/>\n<link rel=\"canonical\" href=\"https:\/\/elfar.ch\/content\/firma\/laden\/\" \/>\n<meta property=\"og:locale\" content=\"de_DE\" \/>\n<meta property=\"og:type\" content=\"article\" \/>\n<meta property=\"og:title\" content=\"Laden - Elfar\" \/>\n<meta property=\"og:url\" content=\"https:\/\/elfar.ch\/content\/firma\/laden\/\" \/>\n<meta property=\"og:site_name\" content=\"Elfar\" \/>\n<meta property=\"article:modified_time\" content=\"2024-03-22T09:19:27+00:00\" \/>\n<meta name=\"twitter:card\" content=\"summary_large_image\" \/>\n<meta name=\"twitter:label1\" content=\"Gesch\u00e4tzte Lesezeit\" \/>\n\t<meta name=\"twitter:data1\" content=\"3\u00a0Minuten\" \/>\n<script type=\"application\/ld+json\" class=\"yoast-schema-graph\">{\"@context\":\"https:\\\/\\\/schema.org\",\"@graph\":[{\"@type\":\"WebPage\",\"@id\":\"https:\\\/\\\/elfar.ch\\\/content\\\/firma\\\/laden\\\/\",\"url\":\"https:\\\/\\\/elfar.ch\\\/content\\\/firma\\\/laden\\\/\",\"name\":\"Laden - Elfar\",\"isPartOf\":{\"@id\":\"https:\\\/\\\/elfar.ch\\\/content\\\/#website\"},\"datePublished\":\"2023-03-26T18:47:01+00:00\",\"dateModified\":\"2024-03-22T09:19:27+00:00\",\"breadcrumb\":{\"@id\":\"https:\\\/\\\/elfar.ch\\\/content\\\/firma\\\/laden\\\/#breadcrumb\"},\"inLanguage\":\"de\",\"potentialAction\":[{\"@type\":\"ReadAction\",\"target\":[\"https:\\\/\\\/elfar.ch\\\/content\\\/firma\\\/laden\\\/\"]}]},{\"@type\":\"BreadcrumbList\",\"@id\":\"https:\\\/\\\/elfar.ch\\\/content\\\/firma\\\/laden\\\/#breadcrumb\",\"itemListElement\":[{\"@type\":\"ListItem\",\"position\":1,\"name\":\"Startseite\",\"item\":\"https:\\\/\\\/elfar.ch\\\/content\\\/\"},{\"@type\":\"ListItem\",\"position\":2,\"name\":\"Firma\",\"item\":\"https:\\\/\\\/elfar.ch\\\/content\\\/firma\\\/\"},{\"@type\":\"ListItem\",\"position\":3,\"name\":\"Laden\"}]},{\"@type\":\"WebSite\",\"@id\":\"https:\\\/\\\/elfar.ch\\\/content\\\/#website\",\"url\":\"https:\\\/\\\/elfar.ch\\\/content\\\/\",\"name\":\"elfar\",\"description\":\"Wir fahren elektrisch\",\"publisher\":{\"@id\":\"https:\\\/\\\/elfar.ch\\\/content\\\/#organization\"},\"potentialAction\":[{\"@type\":\"SearchAction\",\"target\":{\"@type\":\"EntryPoint\",\"urlTemplate\":\"https:\\\/\\\/elfar.ch\\\/content\\\/?s={search_term_string}\"},\"query-input\":{\"@type\":\"PropertyValueSpecification\",\"valueRequired\":true,\"valueName\":\"search_term_string\"}}],\"inLanguage\":\"de\"},{\"@type\":\"Organization\",\"@id\":\"https:\\\/\\\/elfar.ch\\\/content\\\/#organization\",\"name\":\"elfar GmbH\",\"url\":\"https:\\\/\\\/elfar.ch\\\/content\\\/\",\"logo\":{\"@type\":\"ImageObject\",\"inLanguage\":\"de\",\"@id\":\"https:\\\/\\\/elfar.ch\\\/content\\\/#\\\/schema\\\/logo\\\/image\\\/\",\"url\":\"https:\\\/\\\/elfar.ch\\\/content\\\/wp-content\\\/uploads\\\/2022\\\/12\\\/logo4.png\",\"contentUrl\":\"https:\\\/\\\/elfar.ch\\\/content\\\/wp-content\\\/uploads\\\/2022\\\/12\\\/logo4.png\",\"width\":543,\"height\":204,\"caption\":\"elfar GmbH\"},\"image\":{\"@id\":\"https:\\\/\\\/elfar.ch\\\/content\\\/#\\\/schema\\\/logo\\\/image\\\/\"},\"sameAs\":[\"https:\\\/\\\/www.instagram.com\\\/elfar_gmbh\\\/\"]}]}<\/script>\n<!-- \/ Yoast SEO plugin. -->","yoast_head_json":{"title":"Laden - Elfar","robots":{"index":"index","follow":"follow","max-snippet":"max-snippet:-1","max-image-preview":"max-image-preview:large","max-video-preview":"max-video-preview:-1"},"canonical":"https:\/\/elfar.ch\/content\/firma\/laden\/","og_locale":"de_DE","og_type":"article","og_title":"Laden - Elfar","og_url":"https:\/\/elfar.ch\/content\/firma\/laden\/","og_site_name":"Elfar","article_modified_time":"2024-03-22T09:19:27+00:00","twitter_card":"summary_large_image","twitter_misc":{"Gesch\u00e4tzte Lesezeit":"3\u00a0Minuten"},"schema":{"@context":"https:\/\/schema.org","@graph":[{"@type":"WebPage","@id":"https:\/\/elfar.ch\/content\/firma\/laden\/","url":"https:\/\/elfar.ch\/content\/firma\/laden\/","name":"Laden - Elfar","isPartOf":{"@id":"https:\/\/elfar.ch\/content\/#website"},"datePublished":"2023-03-26T18:47:01+00:00","dateModified":"2024-03-22T09:19:27+00:00","breadcrumb":{"@id":"https:\/\/elfar.ch\/content\/firma\/laden\/#breadcrumb"},"inLanguage":"de","potentialAction":[{"@type":"ReadAction","target":["https:\/\/elfar.ch\/content\/firma\/laden\/"]}]},{"@type":"BreadcrumbList","@id":"https:\/\/elfar.ch\/content\/firma\/laden\/#breadcrumb","itemListElement":[{"@type":"ListItem","position":1,"name":"Startseite","item":"https:\/\/elfar.ch\/content\/"},{"@type":"ListItem","position":2,"name":"Firma","item":"https:\/\/elfar.ch\/content\/firma\/"},{"@type":"ListItem","position":3,"name":"Laden"}]},{"@type":"WebSite","@id":"https:\/\/elfar.ch\/content\/#website","url":"https:\/\/elfar.ch\/content\/","name":"elfar","description":"Wir fahren elektrisch","publisher":{"@id":"https:\/\/elfar.ch\/content\/#organization"},"potentialAction":[{"@type":"SearchAction","target":{"@type":"EntryPoint","urlTemplate":"https:\/\/elfar.ch\/content\/?s={search_term_string}"},"query-input":{"@type":"PropertyValueSpecification","valueRequired":true,"valueName":"search_term_string"}}],"inLanguage":"de"},{"@type":"Organization","@id":"https:\/\/elfar.ch\/content\/#organization","name":"elfar GmbH","url":"https:\/\/elfar.ch\/content\/","logo":{"@type":"ImageObject","inLanguage":"de","@id":"https:\/\/elfar.ch\/content\/#\/schema\/logo\/image\/","url":"https:\/\/elfar.ch\/content\/wp-content\/uploads\/2022\/12\/logo4.png","contentUrl":"https:\/\/elfar.ch\/content\/wp-content\/uploads\/2022\/12\/logo4.png","width":543,"height":204,"caption":"elfar GmbH"},"image":{"@id":"https:\/\/elfar.ch\/content\/#\/schema\/logo\/image\/"},"sameAs":["https:\/\/www.instagram.com\/elfar_gmbh\/"]}]}},"_links":{"self":[{"href":"https:\/\/elfar.ch\/content\/wp-json\/wp\/v2\/pages\/1511","targetHints":{"allow":["GET"]}}],"collection":[{"href":"https:\/\/elfar.ch\/content\/wp-json\/wp\/v2\/pages"}],"about":[{"href":"https:\/\/elfar.ch\/content\/wp-json\/wp\/v2\/types\/page"}],"author":[{"embeddable":true,"href":"https:\/\/elfar.ch\/content\/wp-json\/wp\/v2\/users\/1"}],"replies":[{"embeddable":true,"href":"https:\/\/elfar.ch\/content\/wp-json\/wp\/v2\/comments?post=1511"}],"version-history":[{"count":6,"href":"https:\/\/elfar.ch\/content\/wp-json\/wp\/v2\/pages\/1511\/revisions"}],"predecessor-version":[{"id":2113,"href":"https:\/\/elfar.ch\/content\/wp-json\/wp\/v2\/pages\/1511\/revisions\/2113"}],"up":[{"embeddable":true,"href":"https:\/\/elfar.ch\/content\/wp-json\/wp\/v2\/pages\/1499"}],"wp:attachment":[{"href":"https:\/\/elfar.ch\/content\/wp-json\/wp\/v2\/media?parent=1511"}],"curies":[{"name":"wp","href":"https:\/\/api.w.org\/{rel}","templated":true}]}}