{"id":2108,"date":"2024-03-22T12:39:11","date_gmt":"2024-03-22T12:39:11","guid":{"rendered":"https:\/\/elfar.ch\/content\/?page_id=2108"},"modified":"2025-10-10T13:17:03","modified_gmt":"2025-10-10T13:17:03","slug":"light-bee-s","status":"publish","type":"page","link":"https:\/\/elfar.ch\/content\/produkte\/e-mofa\/light-bee-s\/","title":{"rendered":"SUR-RON Light Bee S"},"content":{"rendered":"\n\n  <div class=\"banner has-hover\" id=\"banner-1655131620\">\n          <div class=\"banner-inner fill\">\n        <div class=\"banner-bg fill\" >\n            <img loading=\"lazy\" decoding=\"async\" width=\"1020\" height=\"680\" src=\"https:\/\/elfar.ch\/content\/wp-content\/uploads\/2023\/06\/DSF0341-1024x683.jpg\" class=\"bg attachment-large size-large\" alt=\"\" \/>                                    \n                    <\/div>\n\t\t\n        <div class=\"banner-layers container\">\n            <div class=\"fill banner-link\"><\/div>            \n\n   <div id=\"text-box-1645608252\" class=\"text-box banner-layer x50 md-x50 lg-x50 y85 md-y85 lg-y85 res-text\">\n                                <div class=\"text-box-content text dark\">\n              \n              <div class=\"text-inner text-center\">\n                  \n\n<h1><strong>Surron Light Bee S<br \/><\/strong><\/h1>\n<h3><strong>Das Leichtgewicht<br \/><\/strong><\/h3>\n\n              <\/div>\n           <\/div>\n                            \n<style>\n#text-box-1645608252 .text-box-content {\n  background-color: rgba(0, 0, 0, 0.7);\n  font-size: 100%;\n}\n#text-box-1645608252 {\n  width: 100%;\n}\n<\/style>\n    <\/div>\n \n\n        <\/div>\n      <\/div>\n\n            \n<style>\n#banner-1655131620 {\n  padding-top: 500px;\n}\n#banner-1655131620 .banner-bg img {\n  object-position: 70% 58%;\n}\n<\/style>\n  <\/div>\n\n\n\n\t<section class=\"section\" id=\"section_1203431186\">\n\t\t<div class=\"section-bg fill\" >\n\t\t\t\t\t\t\t\t\t\n\t\t\t\n\n\t\t<\/div>\n\n\t\t\n\n\t\t<div class=\"section-content relative\">\n\t\t\t\n\n<div class=\"row row-collapse align-center\"  id=\"row-1863551485\">\n\n\n\t<div id=\"col-1837196018\" class=\"col small-12 large-12\"  >\n\t\t\t\t<div class=\"col-inner\"  >\n\t\t\t\n\t\t\t\n\n<p>Die Light Bee S vereint die Einfachheit eines Fahrrades mit der ungeb\u00e4ndigten Kraft eines Off-Road-Motorrads. \u00d6kologischer Fahrspass auf Off-Road-Gel\u00e4nde. Die Light Bee S ist die kleinere Variante der Light Bee L1e.<\/p>\n\n\t\t<\/div>\n\t\t\t\t\n<style>\n#col-1837196018 > .col-inner {\n  padding: 0px 20px 0px 20px;\n}\n@media (min-width:550px) {\n  #col-1837196018 > .col-inner {\n    padding: 0px 20px 0px 20px;\n  }\n}\n<\/style>\n\t<\/div>\n\n\t\n\n<\/div>\n\n\t\t<\/div>\n\n\t\t\n<style>\n#section_1203431186 {\n  padding-top: 40px;\n  padding-bottom: 40px;\n  background-color: rgb(204, 204, 204);\n}\n<\/style>\n\t<\/section>\n\t\n\n\t<section class=\"section\" id=\"section_2135748357\">\n\t\t<div class=\"section-bg fill\" >\n\t\t\t\t\t\t\t\t\t\n\t\t\t\n\n\t\t<\/div>\n\n\t\t\n\n\t\t<div class=\"section-content relative\">\n\t\t\t\n\n<div class=\"row row-collapse row-full-width align-middle\"  id=\"row-776466849\">\n\n\n\t<div id=\"col-881955387\" class=\"col medium-12 small-12 large-6\"  >\n\t\t\t\t<div class=\"col-inner text-center\"  >\n\t\t\t\n\t\t\t\n\n<h2>Light Bee Youth S<\/h2>\n<p><em>F\u00fcr die &#8222;kleinen&#8220; mit grossen Ambitionen<\/em><\/p>\n<p>Die Kids-Version wurde in der Leistung etwas gedrosselt. Mit ihren 48V statt 60V bringt sie es auf eine Spitzengeschwindigkeit von 60km\/h.<\/p>\n<p>Mit 12Kg weniger Gewicht ist sie f\u00fcr die j\u00fcngeren leichter in der Handhabung und offeriert eine etwas reduzierte Sitzh\u00f6he (8cm tiefer).<\/p>\n<p>Dennoch hat sie genug Feuer um die tr\u00e4ume von jugendlichen Wahr werden zu lassen und prescht durchs Gel\u00e4nde, das einem H\u00f6hren und Sehen vergeht.<\/p>\n<p>&nbsp;<\/p>\n\t<div id=\"text-3002546637\" class=\"text\">\n\t\t\n\n\n\t\t\n<style>\n#text-3002546637 {\n  text-align: left;\n}\n<\/style>\n\t<\/div>\n\t\n\n\t\t<\/div>\n\t\t\t\t\n<style>\n#col-881955387 > .col-inner {\n  padding: 7% 20px 10% 20px;\n  max-width: 520px;\n}\n@media (min-width:550px) {\n  #col-881955387 > .col-inner {\n    padding: 7% 0px 10% 0px;\n  }\n}\n@media (min-width:850px) {\n  #col-881955387 > .col-inner {\n    padding: 7% 10% 10% 0px;\n  }\n}\n<\/style>\n\t<\/div>\n\n\t\n\n\t<div id=\"col-307715479\" class=\"col medium-12 small-12 large-6\"  >\n\t\t\t\t<div class=\"col-inner\"  >\n\t\t\t\n\t\t\t\n\n\t<div class=\"img has-hover x md-x lg-x y md-y lg-y\" id=\"image_1070314143\">\n\t\t\t\t\t\t\t\t<div class=\"img-inner dark\" >\n\t\t\t<img loading=\"lazy\" decoding=\"async\" width=\"1020\" height=\"1001\" src=\"https:\/\/elfar.ch\/content\/wp-content\/uploads\/2024\/03\/Light-Bee-S_1-1024x1005.jpg\" class=\"attachment-large size-large\" alt=\"\" srcset=\"https:\/\/elfar.ch\/content\/wp-content\/uploads\/2024\/03\/Light-Bee-S_1-1024x1005.jpg 1024w, https:\/\/elfar.ch\/content\/wp-content\/uploads\/2024\/03\/Light-Bee-S_1-300x294.jpg 300w, https:\/\/elfar.ch\/content\/wp-content\/uploads\/2024\/03\/Light-Bee-S_1-768x754.jpg 768w, https:\/\/elfar.ch\/content\/wp-content\/uploads\/2024\/03\/Light-Bee-S_1-1536x1507.jpg 1536w, https:\/\/elfar.ch\/content\/wp-content\/uploads\/2024\/03\/Light-Bee-S_1.jpg 1600w\" sizes=\"auto, (max-width: 1020px) 100vw, 1020px\" \/>\t\t\t\t\t\t\n\t\t\t\t\t<\/div>\n\t\t\t\t\t\t\t\t\n<style>\n#image_1070314143 {\n  width: 100%;\n}\n<\/style>\n\t<\/div>\n\t\n\n\n\t\t<\/div>\n\t\t\t\t\t<\/div>\n\n\t\n\n<\/div>\n\n\t\t<\/div>\n\n\t\t\n<style>\n#section_2135748357 {\n  padding-top: 0px;\n  padding-bottom: 0px;\n  background-color: rgb(255, 255, 255);\n}\n<\/style>\n\t<\/section>\n\t\n<div class=\"text-center\"><div class=\"is-divider divider clearfix\" style=\"margin-top:20px;margin-bottom:20px;max-width:100%;height:1px;background-color:rgb(255, 255, 255);\"><\/div><\/div>\n\n\n\t<section class=\"section\" id=\"section_901272338\">\n\t\t<div class=\"section-bg fill\" >\n\t\t\t\t\t\t\t\t\t\n\t\t\t\n\n\t\t<\/div>\n\n\t\t\n\n\t\t<div class=\"section-content relative\">\n\t\t\t\n\n<div class=\"row row-collapse row-full-width align-middle\"  id=\"row-1328460392\">\n\n\n\t<div id=\"col-353619665\" class=\"col medium-12 small-12 large-6\"  >\n\t\t\t\t<div class=\"col-inner text-center\"  >\n\t\t\t\n\t\t\t\n\n\t<div id=\"text-3623701539\" class=\"text\">\n\t\t\n\n<h3>Zuverl\u00e4ssige, modernste Technik<\/h3>\n<p>&#8222;Das mehrstufige Koaxialgetriebe sorgt f\u00fcr optimale Kraft\u00fcbertragung und geradlinigen Kraftfluss. Der drehmomentstarke, luftgek\u00fchlte Motor, bietet ultimativen Fahrspa\u00df und Sicherheit in jeder Situation und bezwingt sogar Gel\u00e4nde mit bis zu 15\u00b0 S teigung.&#8220;<\/p>\n<p>&#8222;Das Intersect TR Federbein-System ist patentiert und erm\u00f6glicht durch sein exzellentes Ansprechverhalten leichtes Fahren auf schwierigem Terrain und sorgt f\u00fcr angenehmes Fahrvergn\u00fcgen.&#8220; (SUR-RON)<\/p>\n\t\t\n<style>\n#text-3623701539 {\n  text-align: left;\n}\n<\/style>\n\t<\/div>\n\t\n\n\t\t<\/div>\n\t\t\t\t\n<style>\n#col-353619665 > .col-inner {\n  padding: 7% 20px 10% 20px;\n  max-width: 520px;\n}\n@media (min-width:550px) {\n  #col-353619665 > .col-inner {\n    padding: 7% 0px 10% 0px;\n  }\n}\n@media (min-width:850px) {\n  #col-353619665 > .col-inner {\n    padding: 7% 10% 10% 0px;\n  }\n}\n<\/style>\n\t<\/div>\n\n\t\n\n\t<div id=\"col-687313445\" class=\"col medium-12 small-12 large-6\"  >\n\t\t\t\t<div class=\"col-inner\"  >\n\t\t\t\n\t\t\t\n\n\t<div class=\"img has-hover x md-x lg-x y md-y lg-y\" id=\"image_630729517\">\n\t\t\t\t\t\t\t\t<div class=\"img-inner image-cover dark\" style=\"padding-top:56.25%;\">\n\t\t\t<img loading=\"lazy\" decoding=\"async\" width=\"600\" height=\"400\" src=\"https:\/\/elfar.ch\/content\/wp-content\/uploads\/2023\/02\/sur-ron-firefly-016-2.jpg\" class=\"attachment-original size-original\" alt=\"\" srcset=\"https:\/\/elfar.ch\/content\/wp-content\/uploads\/2023\/02\/sur-ron-firefly-016-2.jpg 600w, https:\/\/elfar.ch\/content\/wp-content\/uploads\/2023\/02\/sur-ron-firefly-016-2-300x200.jpg 300w\" sizes=\"auto, (max-width: 600px) 100vw, 600px\" \/>\t\t\t\t\t\t\n\t\t\t\t\t<\/div>\n\t\t\t\t\t\t\t\t\n<style>\n#image_630729517 {\n  width: 100%;\n}\n<\/style>\n\t<\/div>\n\t\n\n\n\t\t<\/div>\n\t\t\t\t\t<\/div>\n\n\t\n\n<\/div>\n\n\t\t<\/div>\n\n\t\t\n<style>\n#section_901272338 {\n  padding-top: 0px;\n  padding-bottom: 0px;\n  background-color: rgb(204, 204, 204);\n}\n<\/style>\n\t<\/section>\n\t\n<div class=\"text-center\"><div class=\"is-divider divider clearfix\" style=\"margin-top:20px;margin-bottom:20px;max-width:100%;height:1px;background-color:rgb(204, 204, 204);\"><\/div><\/div>\n\n\n\t<section class=\"section\" id=\"section_1448734387\">\n\t\t<div class=\"section-bg fill\" >\n\t\t\t\t\t\t\t\t\t\n\t\t\t\n\n\t\t<\/div>\n\n\t\t\n\n\t\t<div class=\"section-content relative\">\n\t\t\t\n\n<div class=\"row\"  id=\"row-1771908038\">\n\n\n\t<div id=\"col-311135133\" class=\"col small-12 large-12\"  >\n\t\t\t\t<div class=\"col-inner\"  >\n\t\t\t\n\t\t\t\n\n<table>\n<tbody>\n<tr>\n<td>Motor Art :<\/td>\n<td>BLDC (B\u00fcrstenloser DC Motor)<\/td>\n<\/tr>\n<tr>\n<td>Nominal Leistung \/ Max. Leistung :<\/td>\n<td>500W \/ 3,000Watt<\/td>\n<\/tr>\n<tr>\n<td>Batterie :<\/td>\n<td>48V 40Ah Lithium-Ion Batterie<\/td>\n<\/tr>\n<tr>\n<td>Ladezeit :<\/td>\n<td>2.5-4 Stunden<\/td>\n<\/tr>\n<tr>\n<td>Fahrzeuggewicht :<\/td>\n<td>48 kg (38kg ohne Akku)<\/td>\n<\/tr>\n<tr>\n<td>Max Zuladung :<\/td>\n<td>100 kg<\/td>\n<\/tr>\n<tr>\n<td>Max Steigung :<\/td>\n<td>45 grad<\/td>\n<\/tr>\n<tr>\n<td>Dimensionen :<\/td>\n<td>1,870mm x 780mm x 1,040mm<\/td>\n<\/tr>\n<tr>\n<td>Min. Bodenh\u00f6he :<\/td>\n<td>270mm<\/td>\n<\/tr>\n<tr>\n<td>Radstand :<\/td>\n<td>1,260mm<\/td>\n<\/tr>\n<tr>\n<td>Sitzh\u00f6he :<\/td>\n<td>750 mm<\/td>\n<\/tr>\n<tr>\n<td>Max Reichweite :<\/td>\n<td>60 km @ 25 km\/h, *variert nach Fahrweise und Untergrund (35-90 km m\u00f6glich)<\/td>\n<\/tr>\n<tr>\n<td>Stra\u00dfen Erlaubnis<\/td>\n<td>Ja\u00a0\u00a0(StvO konform) bei 25Km\/h<\/td>\n<\/tr>\n<\/tbody>\n<\/table>\n\n\t\t<\/div>\n\t\t\t\t\n<style>\n#col-311135133 > .col-inner {\n  padding: 0px 20px 0px 20px;\n}\n@media (min-width:550px) {\n  #col-311135133 > .col-inner {\n    padding: 0px 20px 0px 20px;\n  }\n}\n<\/style>\n\t<\/div>\n\n\t\n\n<\/div>\n\n\t\t<\/div>\n\n\t\t\n<style>\n#section_1448734387 {\n  padding-top: 30px;\n  padding-bottom: 30px;\n}\n<\/style>\n\t<\/section>\n\t\n\n  <div class=\"banner has-hover bg-zoom\" id=\"banner-1370952380\">\n          <div class=\"banner-inner fill\">\n        <div class=\"banner-bg fill\" >\n            <img loading=\"lazy\" decoding=\"async\" width=\"1020\" height=\"680\" src=\"https:\/\/elfar.ch\/content\/wp-content\/uploads\/2023\/06\/DSF0237-1024x683.jpg\" class=\"bg attachment-large size-large\" alt=\"\" \/>                                    \n                    <\/div>\n\t\t\n        <div class=\"banner-layers container\">\n            <a class=\"fill\" href=\"https:\/\/elfar.ch\/content\/produkte\/e-motorrad\/sur-ron\/light-bee\/\" ><div class=\"fill banner-link\"><\/div><\/a>            \n\n   <div id=\"text-box-1400079841\" class=\"text-box banner-layer x50 md-x50 lg-x50 y95 md-y95 lg-y95 res-text\">\n                                <div class=\"text-box-content text dark\">\n              \n              <div class=\"text-inner text-center\">\n                  \n\n<h3><strong>SUR-RON Light Bee<br \/><\/strong><\/h3>\n<h4>Adventure OFF and ON-the-road<\/h4>\n\n              <\/div>\n           <\/div>\n                            \n<style>\n#text-box-1400079841 .text-box-content {\n  background-color: rgba(0, 0, 0, 0.7);\n  font-size: 100%;\n}\n#text-box-1400079841 {\n  width: 100%;\n}\n<\/style>\n    <\/div>\n \n\n        <\/div>\n      <\/div>\n\n            \n<style>\n#banner-1370952380 {\n  padding-top: 500px;\n}\n#banner-1370952380 .banner-bg img {\n  object-position: 70% 58%;\n}\n<\/style>\n  <\/div>\n\n\n<div class=\"text-center\"><div class=\"is-divider divider clearfix\" style=\"margin-top:20px;margin-bottom:20px;max-width:100%;height:1px;background-color:rgb(204, 204, 204);\"><\/div><\/div>\n\n\n\t<section class=\"section\" id=\"section_1826743972\">\n\t\t<div class=\"section-bg fill\" >\n\t\t\t\t\t\t\t\t\t\n\t\t\t\n\n\t\t<\/div>\n\n\t\t\n\n\t\t<div class=\"section-content relative\">\n\t\t\t\n\n  <div class=\"banner-grid-wrapper\">\n  <div id=\"banner-grid-1931387192\" class=\"banner-grid row row-grid row-xsmall row-full-width\" data-packery-options=\"\">\n                      \n\n<div class=\"col grid-col large-7 grid-col-3-4\" data-animate=\"none\"><div class=\"col-inner\">\n\n\n  <div class=\"banner has-hover\" id=\"banner-1923538230\">\n          <div class=\"banner-inner fill\">\n        <div class=\"banner-bg fill\" >\n            <img loading=\"lazy\" decoding=\"async\" width=\"1020\" height=\"680\" src=\"https:\/\/elfar.ch\/content\/wp-content\/uploads\/2023\/06\/DSF9559-1-1024x683.jpg\" class=\"bg attachment-large size-large\" alt=\"\" \/>                                    \n                    <\/div>\n\t\t\n        <div class=\"banner-layers container\">\n            <div class=\"fill banner-link\"><\/div>            \n\n\n        <\/div>\n      <\/div>\n\n            \n<style>\n#banner-1923538230 {\n  padding-top: 403.02px;\n  background-color: rgb(255, 255, 255);\n}\n<\/style>\n  <\/div>\n\n\n\n<\/div><\/div>\n<div class=\"col grid-col large-5 grid-col-2-3\" ><div class=\"col-inner\">\n\n\n  <div class=\"banner has-hover\" id=\"banner-2080864403\">\n          <div class=\"banner-inner fill\">\n        <div class=\"banner-bg fill\" >\n            <img loading=\"lazy\" decoding=\"async\" width=\"1020\" height=\"680\" src=\"https:\/\/elfar.ch\/content\/wp-content\/uploads\/2023\/06\/DSF9817-1024x683.jpg\" class=\"bg attachment-large size-large\" alt=\"\" \/>                                    \n                    <\/div>\n\t\t\n        <div class=\"banner-layers container\">\n            <div class=\"fill banner-link\"><\/div>            \n\n\n        <\/div>\n      <\/div>\n\n            \n<style>\n#banner-2080864403 {\n  padding-top: 800px;\n  background-color: rgb(255, 255, 255);\n}\n#banner-2080864403 .banner-bg img {\n  object-position: 46% 61%;\n}\n<\/style>\n  <\/div>\n\n\n\n<\/div><\/div>\n<div class=\"col grid-col large-7 grid-col-1-2\" ><div class=\"col-inner\">\n\n\n  <div class=\"banner has-hover\" id=\"banner-160872152\">\n          <div class=\"banner-inner fill\">\n        <div class=\"banner-bg fill\" >\n            <img loading=\"lazy\" decoding=\"async\" width=\"1020\" height=\"680\" src=\"https:\/\/elfar.ch\/content\/wp-content\/uploads\/2023\/06\/DSF9822-1024x683.jpg\" class=\"bg attachment-large size-large\" alt=\"\" \/>                                    \n                    <\/div>\n\t\t\n        <div class=\"banner-layers container\">\n            <div class=\"fill banner-link\"><\/div>            \n\n\n        <\/div>\n      <\/div>\n\n            \n<style>\n#banner-160872152 {\n  padding-top: 500px;\n  background-color: rgb(255, 255, 255);\n}\n#banner-160872152 .banner-bg img {\n  object-position: 38% 34%;\n}\n<\/style>\n  <\/div>\n\n\n\n<\/div><\/div>\n<div class=\"col grid-col large-5 grid-col-1-2\" ><div class=\"col-inner\">\n\n\n  <div class=\"banner has-hover\" id=\"banner-1514583045\">\n          <div class=\"banner-inner fill\">\n        <div class=\"banner-bg fill\" >\n            <img loading=\"lazy\" decoding=\"async\" width=\"1020\" height=\"680\" src=\"https:\/\/elfar.ch\/content\/wp-content\/uploads\/2023\/06\/DSF0124-1024x683.jpg\" class=\"bg attachment-large size-large\" alt=\"\" \/>                                    \n                    <\/div>\n\t\t\n        <div class=\"banner-layers container\">\n            <div class=\"fill banner-link\"><\/div>            \n\n\n        <\/div>\n      <\/div>\n\n            \n<style>\n#banner-1514583045 {\n  padding-top: 500px;\n  background-color: rgb(255, 255, 255);\n}\n#banner-1514583045 .banner-bg img {\n  object-position: 63% 75%;\n}\n<\/style>\n  <\/div>\n\n\n\n<\/div><\/div>\n\n            <\/div>\n    <style>\n    #banner-grid-1931387192 .grid-col-1{height: 800px}\n    #banner-grid-1931387192 .grid-col-1-2{height: 400px}\n    #banner-grid-1931387192 .grid-col-1-3{height:266.66666666667px}\n    #banner-grid-1931387192 .grid-col-2-3{height: 533.33333333333px}\n    #banner-grid-1931387192 .grid-col-1-4{height: 200px}\n    #banner-grid-1931387192 .grid-col-3-4{height: 600px}\n\n\n    \n    \n\n  <\/style>\n    <\/div>\n  \n\n\t\t<\/div>\n\n\t\t\n<style>\n#section_1826743972 {\n  padding-top: 30px;\n  padding-bottom: 30px;\n}\n<\/style>\n\t<\/section>\n\t\n\n","protected":false},"excerpt":{"rendered":"","protected":false},"author":1,"featured_media":0,"parent":87,"menu_order":2,"comment_status":"closed","ping_status":"closed","template":"","meta":{"footnotes":""},"class_list":["post-2108","page","type-page","status-publish","hentry"],"yoast_head":"<!-- This site is optimized with the Yoast SEO plugin v27.4 - https:\/\/yoast.com\/product\/yoast-seo-wordpress\/ -->\n<title>SUR-RON Light Bee S - Elfar<\/title>\n<meta name=\"robots\" content=\"index, follow, max-snippet:-1, max-image-preview:large, max-video-preview:-1\" \/>\n<link rel=\"canonical\" href=\"https:\/\/elfar.ch\/content\/produkte\/e-mofa\/light-bee-s\/\" \/>\n<meta property=\"og:locale\" content=\"de_DE\" \/>\n<meta property=\"og:type\" content=\"article\" \/>\n<meta property=\"og:title\" content=\"SUR-RON Light Bee S - Elfar\" \/>\n<meta property=\"og:url\" content=\"https:\/\/elfar.ch\/content\/produkte\/e-mofa\/light-bee-s\/\" \/>\n<meta property=\"og:site_name\" content=\"Elfar\" \/>\n<meta property=\"article:modified_time\" content=\"2025-10-10T13:17:03+00:00\" \/>\n<meta name=\"twitter:card\" content=\"summary_large_image\" \/>\n<meta name=\"twitter:label1\" content=\"Gesch\u00e4tzte Lesezeit\" \/>\n\t<meta name=\"twitter:data1\" content=\"3\u00a0Minuten\" \/>\n<script type=\"application\/ld+json\" class=\"yoast-schema-graph\">{\"@context\":\"https:\\\/\\\/schema.org\",\"@graph\":[{\"@type\":\"WebPage\",\"@id\":\"https:\\\/\\\/elfar.ch\\\/content\\\/produkte\\\/e-mofa\\\/light-bee-s\\\/\",\"url\":\"https:\\\/\\\/elfar.ch\\\/content\\\/produkte\\\/e-mofa\\\/light-bee-s\\\/\",\"name\":\"SUR-RON Light Bee S - Elfar\",\"isPartOf\":{\"@id\":\"https:\\\/\\\/elfar.ch\\\/content\\\/#website\"},\"datePublished\":\"2024-03-22T12:39:11+00:00\",\"dateModified\":\"2025-10-10T13:17:03+00:00\",\"breadcrumb\":{\"@id\":\"https:\\\/\\\/elfar.ch\\\/content\\\/produkte\\\/e-mofa\\\/light-bee-s\\\/#breadcrumb\"},\"inLanguage\":\"de\",\"potentialAction\":[{\"@type\":\"ReadAction\",\"target\":[\"https:\\\/\\\/elfar.ch\\\/content\\\/produkte\\\/e-mofa\\\/light-bee-s\\\/\"]}]},{\"@type\":\"BreadcrumbList\",\"@id\":\"https:\\\/\\\/elfar.ch\\\/content\\\/produkte\\\/e-mofa\\\/light-bee-s\\\/#breadcrumb\",\"itemListElement\":[{\"@type\":\"ListItem\",\"position\":1,\"name\":\"Startseite\",\"item\":\"https:\\\/\\\/elfar.ch\\\/content\\\/\"},{\"@type\":\"ListItem\",\"position\":2,\"name\":\"Produkte\",\"item\":\"https:\\\/\\\/elfar.ch\\\/content\\\/produkte\\\/\"},{\"@type\":\"ListItem\",\"position\":3,\"name\":\"E-Mofa\",\"item\":\"https:\\\/\\\/elfar.ch\\\/content\\\/produkte\\\/e-mofa\\\/\"},{\"@type\":\"ListItem\",\"position\":4,\"name\":\"SUR-RON Light Bee S\"}]},{\"@type\":\"WebSite\",\"@id\":\"https:\\\/\\\/elfar.ch\\\/content\\\/#website\",\"url\":\"https:\\\/\\\/elfar.ch\\\/content\\\/\",\"name\":\"elfar\",\"description\":\"Wir fahren elektrisch\",\"publisher\":{\"@id\":\"https:\\\/\\\/elfar.ch\\\/content\\\/#organization\"},\"potentialAction\":[{\"@type\":\"SearchAction\",\"target\":{\"@type\":\"EntryPoint\",\"urlTemplate\":\"https:\\\/\\\/elfar.ch\\\/content\\\/?s={search_term_string}\"},\"query-input\":{\"@type\":\"PropertyValueSpecification\",\"valueRequired\":true,\"valueName\":\"search_term_string\"}}],\"inLanguage\":\"de\"},{\"@type\":\"Organization\",\"@id\":\"https:\\\/\\\/elfar.ch\\\/content\\\/#organization\",\"name\":\"elfar GmbH\",\"url\":\"https:\\\/\\\/elfar.ch\\\/content\\\/\",\"logo\":{\"@type\":\"ImageObject\",\"inLanguage\":\"de\",\"@id\":\"https:\\\/\\\/elfar.ch\\\/content\\\/#\\\/schema\\\/logo\\\/image\\\/\",\"url\":\"https:\\\/\\\/elfar.ch\\\/content\\\/wp-content\\\/uploads\\\/2022\\\/12\\\/logo4.png\",\"contentUrl\":\"https:\\\/\\\/elfar.ch\\\/content\\\/wp-content\\\/uploads\\\/2022\\\/12\\\/logo4.png\",\"width\":543,\"height\":204,\"caption\":\"elfar GmbH\"},\"image\":{\"@id\":\"https:\\\/\\\/elfar.ch\\\/content\\\/#\\\/schema\\\/logo\\\/image\\\/\"},\"sameAs\":[\"https:\\\/\\\/www.instagram.com\\\/elfar_gmbh\\\/\"]}]}<\/script>\n<!-- \/ Yoast SEO plugin. -->","yoast_head_json":{"title":"SUR-RON Light Bee S - Elfar","robots":{"index":"index","follow":"follow","max-snippet":"max-snippet:-1","max-image-preview":"max-image-preview:large","max-video-preview":"max-video-preview:-1"},"canonical":"https:\/\/elfar.ch\/content\/produkte\/e-mofa\/light-bee-s\/","og_locale":"de_DE","og_type":"article","og_title":"SUR-RON Light Bee S - Elfar","og_url":"https:\/\/elfar.ch\/content\/produkte\/e-mofa\/light-bee-s\/","og_site_name":"Elfar","article_modified_time":"2025-10-10T13:17:03+00:00","twitter_card":"summary_large_image","twitter_misc":{"Gesch\u00e4tzte Lesezeit":"3\u00a0Minuten"},"schema":{"@context":"https:\/\/schema.org","@graph":[{"@type":"WebPage","@id":"https:\/\/elfar.ch\/content\/produkte\/e-mofa\/light-bee-s\/","url":"https:\/\/elfar.ch\/content\/produkte\/e-mofa\/light-bee-s\/","name":"SUR-RON Light Bee S - Elfar","isPartOf":{"@id":"https:\/\/elfar.ch\/content\/#website"},"datePublished":"2024-03-22T12:39:11+00:00","dateModified":"2025-10-10T13:17:03+00:00","breadcrumb":{"@id":"https:\/\/elfar.ch\/content\/produkte\/e-mofa\/light-bee-s\/#breadcrumb"},"inLanguage":"de","potentialAction":[{"@type":"ReadAction","target":["https:\/\/elfar.ch\/content\/produkte\/e-mofa\/light-bee-s\/"]}]},{"@type":"BreadcrumbList","@id":"https:\/\/elfar.ch\/content\/produkte\/e-mofa\/light-bee-s\/#breadcrumb","itemListElement":[{"@type":"ListItem","position":1,"name":"Startseite","item":"https:\/\/elfar.ch\/content\/"},{"@type":"ListItem","position":2,"name":"Produkte","item":"https:\/\/elfar.ch\/content\/produkte\/"},{"@type":"ListItem","position":3,"name":"E-Mofa","item":"https:\/\/elfar.ch\/content\/produkte\/e-mofa\/"},{"@type":"ListItem","position":4,"name":"SUR-RON Light Bee S"}]},{"@type":"WebSite","@id":"https:\/\/elfar.ch\/content\/#website","url":"https:\/\/elfar.ch\/content\/","name":"elfar","description":"Wir fahren elektrisch","publisher":{"@id":"https:\/\/elfar.ch\/content\/#organization"},"potentialAction":[{"@type":"SearchAction","target":{"@type":"EntryPoint","urlTemplate":"https:\/\/elfar.ch\/content\/?s={search_term_string}"},"query-input":{"@type":"PropertyValueSpecification","valueRequired":true,"valueName":"search_term_string"}}],"inLanguage":"de"},{"@type":"Organization","@id":"https:\/\/elfar.ch\/content\/#organization","name":"elfar GmbH","url":"https:\/\/elfar.ch\/content\/","logo":{"@type":"ImageObject","inLanguage":"de","@id":"https:\/\/elfar.ch\/content\/#\/schema\/logo\/image\/","url":"https:\/\/elfar.ch\/content\/wp-content\/uploads\/2022\/12\/logo4.png","contentUrl":"https:\/\/elfar.ch\/content\/wp-content\/uploads\/2022\/12\/logo4.png","width":543,"height":204,"caption":"elfar GmbH"},"image":{"@id":"https:\/\/elfar.ch\/content\/#\/schema\/logo\/image\/"},"sameAs":["https:\/\/www.instagram.com\/elfar_gmbh\/"]}]}},"_links":{"self":[{"href":"https:\/\/elfar.ch\/content\/wp-json\/wp\/v2\/pages\/2108","targetHints":{"allow":["GET"]}}],"collection":[{"href":"https:\/\/elfar.ch\/content\/wp-json\/wp\/v2\/pages"}],"about":[{"href":"https:\/\/elfar.ch\/content\/wp-json\/wp\/v2\/types\/page"}],"author":[{"embeddable":true,"href":"https:\/\/elfar.ch\/content\/wp-json\/wp\/v2\/users\/1"}],"replies":[{"embeddable":true,"href":"https:\/\/elfar.ch\/content\/wp-json\/wp\/v2\/comments?post=2108"}],"version-history":[{"count":13,"href":"https:\/\/elfar.ch\/content\/wp-json\/wp\/v2\/pages\/2108\/revisions"}],"predecessor-version":[{"id":2129,"href":"https:\/\/elfar.ch\/content\/wp-json\/wp\/v2\/pages\/2108\/revisions\/2129"}],"up":[{"embeddable":true,"href":"https:\/\/elfar.ch\/content\/wp-json\/wp\/v2\/pages\/87"}],"wp:attachment":[{"href":"https:\/\/elfar.ch\/content\/wp-json\/wp\/v2\/media?parent=2108"}],"curies":[{"name":"wp","href":"https:\/\/api.w.org\/{rel}","templated":true}]}}