{"id":408,"date":"2023-02-10T18:34:37","date_gmt":"2023-02-10T18:34:37","guid":{"rendered":"https:\/\/elfar.ch\/elfar_wp\/?page_id=408"},"modified":"2026-03-14T14:19:41","modified_gmt":"2026-03-14T14:19:41","slug":"kyburz","status":"publish","type":"page","link":"https:\/\/elfar.ch\/content\/produkte\/mobility-e-scooter\/kyburz\/","title":{"rendered":"Kyburz"},"content":{"rendered":"\n\n  <div class=\"banner has-hover has-parallax\" id=\"banner-1778303008\">\n          <div class=\"banner-inner fill\">\n        <div class=\"banner-bg fill\" data-parallax=\"-3\" data-parallax-container=\".banner\" data-parallax-background>\n            <img loading=\"lazy\" decoding=\"async\" width=\"1250\" height=\"833\" src=\"https:\/\/elfar.ch\/content\/wp-content\/uploads\/2023\/02\/DSC1626-bearbeitet.jpg\" class=\"bg attachment-original size-original\" alt=\"\" \/>                        <div class=\"overlay\"><\/div>            \n                    <\/div>\n\t\t\n        <div class=\"banner-layers container\">\n            <div class=\"fill banner-link\"><\/div>            \n\n   <div id=\"text-box-657204301\" class=\"text-box banner-layer x50 md-x50 lg-x50 y85 md-y85 lg-y85 res-text\">\n                                <div class=\"text-box-content text dark\">\n              \n              <div class=\"text-inner text-center\">\n                  \n\n<section id=\"lead\">\n<div class=\"container\">\n<div class=\"jumbotron\">\n<h1 class=\"uppercase\"><strong>Kyburz<\/strong><\/h1>\n<h3 class=\"uppercase\"><strong>Mobilit\u00e4t f\u00fcr Alle<\/strong><\/h3>\n<\/div>\n<\/div>\n<\/section>\n\n              <\/div>\n           <\/div>\n                            \n<style>\n#text-box-657204301 .text-box-content {\n  background-color: rgba(0, 0, 0, 0.7);\n  border-radius: 6px;\n  font-size: 100%;\n}\n#text-box-657204301 {\n  width: 100%;\n}\n<\/style>\n    <\/div>\n \n\n        <\/div>\n      <\/div>\n\n            \n<style>\n#banner-1778303008 {\n  padding-top: 100%;\n  background-color: rgb(255, 255, 255);\n}\n#banner-1778303008 .overlay {\n  background-color: rgba(0, 0, 0, 0.17);\n}\n#banner-1778303008 .banner-bg img {\n  object-position: 39% 38%;\n}\n@media (min-width:550px) {\n  #banner-1778303008 {\n    padding-top: 50%;\n  }\n}\n<\/style>\n  <\/div>\n\n\n\n\t<section class=\"section\" id=\"section_1438564902\">\n\t\t<div class=\"section-bg fill\" >\n\t\t\t\t\t\t\t\t\t\n\t\t\t\n\n\t\t<\/div>\n\n\t\t\n\n\t\t<div class=\"section-content relative\">\n\t\t\t\n\n<div class=\"row row-collapse align-center\"  id=\"row-1822093872\">\n\n\n\t<div id=\"col-1898069905\" class=\"col small-12 large-12\"  >\n\t\t\t\t<div class=\"col-inner\"  >\n\t\t\t\n\t\t\t\n\n<p>Sie sind kostenbewusst und die Umwelt liegt Ihnen am Herzen? Sie m\u00f6chten mobil sein und sich Ihre Unabh\u00e4ngigkeit bewahren? KYBURZ hat das Elektrofahrzeug Ihrer Wahl. Hohe Wendigkeit, Sicherheit und Gel\u00e4ndeg\u00e4ngigkeit zeichnen die KYBURZ Fahrzeuge aus.<\/p>\n\n\t\t<\/div>\n\t\t\t\t\n<style>\n#col-1898069905 > .col-inner {\n  padding: 0px 20px 0px 20px;\n}\n@media (min-width:550px) {\n  #col-1898069905 > .col-inner {\n    padding: 0px 20px 0px 20px;\n  }\n}\n<\/style>\n\t<\/div>\n\n\t\n\n<\/div>\n\n\t\t<\/div>\n\n\t\t\n<style>\n#section_1438564902 {\n  padding-top: 40px;\n  padding-bottom: 40px;\n  background-color: rgb(204, 204, 204);\n}\n<\/style>\n\t<\/section>\n\t\n\n\t<section class=\"section\" id=\"section_44653481\">\n\t\t<div class=\"section-bg fill\" >\n\t\t\t\t\t\t\t\t\t\n\t\t\t\n\n\t\t<\/div>\n\n\t\t\n\n\t\t<div class=\"section-content relative\">\n\t\t\t\n\n<div class=\"row row-collapse row-full-width align-middle\"  id=\"row-275728300\">\n\n\n\t<div id=\"col-1398572909\" class=\"col medium-12 small-12 large-6\"  >\n\t\t\t\t<div class=\"col-inner text-center\"  >\n\t\t\t\n\t\t\t\n\n\t<div id=\"text-1724446075\" class=\"text\">\n\t\t\n\n<p><strong>DX2 &#8211; Mobilit\u00e4t auch ohne F\u00fchrerschein<\/strong><\/p>\n<p>Mit dem DX2 sicher unterwegs. Das Elektromobil erm\u00f6glicht individuelle Mobilit\u00e4t auch f\u00fcr Senioren ohne F\u00fchrerschein. Der DX2 ist das Nachfolgemodell des bew\u00e4hrten CLASSIC.<\/p>\n<p>Die einfache und sichere Handhabung erm\u00f6glicht Besuche bei Freunden und Verwandten. Auf der Ladefl\u00e4che werden Eink\u00e4ufe transportiert. Fahrten zur Post oder Bank sind mit dem Elektro-Fahrzeug Alltag.<\/p>\n<p>Das Dreirad-Fahrzeug ist mit modernen Lithium-Batterien ausgestattet. Ausfahrten in der Ortschaft, aber auch in die weitere Umgebung machen viel Freude. Der starke Asynchron-Elektromotor meistert auch starke Steigungen.<\/p>\n\t\t\n<style>\n#text-1724446075 {\n  text-align: left;\n}\n<\/style>\n\t<\/div>\n\t\n\n\t\t<\/div>\n\t\t\t\t\n<style>\n#col-1398572909 > .col-inner {\n  padding: 7% 20px 10% 20px;\n  max-width: 520px;\n}\n@media (min-width:550px) {\n  #col-1398572909 > .col-inner {\n    padding: 7% 0px 10% 0px;\n  }\n}\n@media (min-width:850px) {\n  #col-1398572909 > .col-inner {\n    padding: 7% 10% 10% 0px;\n  }\n}\n<\/style>\n\t<\/div>\n\n\t\n\n\t<div id=\"col-1220058064\" class=\"col medium-12 small-12 large-6\"  >\n\t\t\t\t<div class=\"col-inner\"  >\n\t\t\t\n\t\t\t\n\n\t<div class=\"img has-hover x md-x lg-x y md-y lg-y\" id=\"image_1704761737\">\n\t\t\t\t\t\t\t\t<div class=\"img-inner image-cover dark\" style=\"padding-top:56.25%;\">\n\t\t\t<img loading=\"lazy\" decoding=\"async\" width=\"600\" height=\"401\" src=\"https:\/\/elfar.ch\/content\/wp-content\/uploads\/2023\/02\/k-DX2.jpg\" class=\"attachment-original size-original\" alt=\"\" srcset=\"https:\/\/elfar.ch\/content\/wp-content\/uploads\/2023\/02\/k-DX2.jpg 600w, https:\/\/elfar.ch\/content\/wp-content\/uploads\/2023\/02\/k-DX2-300x201.jpg 300w\" sizes=\"auto, (max-width: 600px) 100vw, 600px\" \/>\t\t\t\t\t\t\n\t\t\t\t\t<\/div>\n\t\t\t\t\t\t\t\t\n<style>\n#image_1704761737 {\n  width: 100%;\n}\n<\/style>\n\t<\/div>\n\t\n\n\n\t\t<\/div>\n\t\t\t\t\t<\/div>\n\n\t\n\n<\/div>\n\n\t\t<\/div>\n\n\t\t\n<style>\n#section_44653481 {\n  padding-top: 0px;\n  padding-bottom: 0px;\n  background-color: rgb(255,255,255);\n}\n<\/style>\n\t<\/section>\n\t\n\n\t<section class=\"section\" id=\"section_1878479465\">\n\t\t<div class=\"section-bg fill\" >\n\t\t\t\t\t\t\t\t\t\n\t\t\t\n\n\t\t<\/div>\n\n\t\t\n\n\t\t<div class=\"section-content relative\">\n\t\t\t\n\n<div class=\"row row-collapse row-full-width align-middle\"  id=\"row-293693622\">\n\n\n\t<div id=\"col-483225780\" class=\"col medium-12 small-12 large-6\"  >\n\t\t\t\t<div class=\"col-inner text-center\"  >\n\t\t\t\n\t\t\t\n\n\t<div id=\"text-2137014068\" class=\"text\">\n\t\t\n\n<p>\u00a0<\/p>\n<h2 class=\"caption leftAlone\"><strong>Kyburz DXS<\/strong><\/h2>\n<p><strong>DXS &#8211; Das Elektrofahrzeug f\u00fcr Jung und Alt<\/strong><\/p>\n<p>Der KYBURZ DXS ist das vielseitige Elektrofahrzeug f\u00fcr jeden Einsatz. Der Elektroroller ist baugleich mit dem bew\u00e4hrten Zustellfahrzeug DXP der Post.<\/p>\n<p>Das emissionsfreie Dreirad-Fahrzeug bietet vorne und hinten grossz\u00fcgige Ladefl\u00e4chen f\u00fcr Transporte. Die Lithium-Batterien versorgen den sparsamen Elektromotor mit Strom f\u00fcr Fahrten bis 100 km.<\/p>\n<p>Das Elektromobil der KYBURZ Switzerland AG f\u00e4hrt wahlweise 10, 20, 30 oder 45 km\/h schnell. Der DXS erm\u00f6glicht einfache und kosteng\u00fcnstige Mobilit\u00e4t f\u00fcr Jung und Alt.<\/p>\n<\/div>\n<\/div>\n<p>\u00a0<\/p>\n\t\t\n<style>\n#text-2137014068 {\n  text-align: left;\n}\n<\/style>\n\t<\/div>\n\t\n\n\t\t<\/div>\n\t\t\t\t\n<style>\n#col-483225780 > .col-inner {\n  padding: 7% 20px 10% 20px;\n  max-width: 520px;\n}\n@media (min-width:550px) {\n  #col-483225780 > .col-inner {\n    padding: 7% 0px 10% 0px;\n  }\n}\n@media (min-width:850px) {\n  #col-483225780 > .col-inner {\n    padding: 7% 10% 10% 0px;\n  }\n}\n<\/style>\n\t<\/div>\n\n\t\n\n\t<div id=\"col-1571539022\" class=\"col medium-12 small-12 large-6\"  >\n\t\t\t\t<div class=\"col-inner\"  >\n\t\t\t\n\t\t\t\n\n\t<div class=\"img has-hover x md-x lg-x y md-y lg-y\" id=\"image_1856178455\">\n\t\t\t\t\t\t\t\t<div class=\"img-inner image-cover dark\" style=\"padding-top:56.25%;\">\n\t\t\t<img loading=\"lazy\" decoding=\"async\" width=\"600\" height=\"401\" src=\"https:\/\/elfar.ch\/content\/wp-content\/uploads\/2023\/02\/k-DXS.jpg\" class=\"attachment-original size-original\" alt=\"\" srcset=\"https:\/\/elfar.ch\/content\/wp-content\/uploads\/2023\/02\/k-DXS.jpg 600w, https:\/\/elfar.ch\/content\/wp-content\/uploads\/2023\/02\/k-DXS-300x201.jpg 300w\" sizes=\"auto, (max-width: 600px) 100vw, 600px\" \/>\t\t\t\t\t\t\n\t\t\t\t\t<\/div>\n\t\t\t\t\t\t\t\t\n<style>\n#image_1856178455 {\n  width: 100%;\n}\n<\/style>\n\t<\/div>\n\t\n\n\n\t\t<\/div>\n\t\t\t\t\t<\/div>\n\n\t\n\n<\/div>\n\n\t\t<\/div>\n\n\t\t\n<style>\n#section_1878479465 {\n  padding-top: 0px;\n  padding-bottom: 0px;\n  background-color: rgb(204, 204, 204);\n}\n<\/style>\n\t<\/section>\n\t\n\n\t<section class=\"section\" id=\"section_1588949831\">\n\t\t<div class=\"section-bg fill\" >\n\t\t\t\t\t\t\t\t\t\n\t\t\t\n\n\t\t<\/div>\n\n\t\t\n\n\t\t<div class=\"section-content relative\">\n\t\t\t\n\n<div class=\"row row-collapse row-full-width align-middle\"  id=\"row-303987631\">\n\n\n\t<div id=\"col-1133047751\" class=\"col medium-12 small-12 large-6\"  >\n\t\t\t\t<div class=\"col-inner text-left\"  >\n\t\t\t\n\t\t\t\n\n\t<div id=\"text-3520311615\" class=\"text\">\n\t\t\n\n<h2 class=\"caption leftAlone\"><strong>Kyburz PLUS<br \/><\/strong><\/h2>\n<p><strong>PLUS &#8211; Gesch\u00fctzt bei jedem Wetter<\/strong><\/p>\n<p>Das Elektromobil KYBURZ PLUS macht unabh\u00e4ngig! Das vierr\u00e4drige Fahrzeug mit Kabine f\u00e4hrt bei jedem Wetter sicher und zuverl\u00e4ssig. Jugendliche und Senioren fahren den PLUS gleichermassen mit Begeisterung.<\/p>\n<p>Moderne Lithium-Batterien und der wartungsfreie Asynchron-Elektromotor erm\u00f6glichen eine Reichweite bis 100 km. Alle KYBURZ-Elektrofahrzeuge k\u00f6nnen an jeder normalen Haushalt-Steckdose aufgeladen werden.<\/p>\n<p>Der KYBURZ PLUS ist bis zu einer Geschwindigkeit von 20 km\/h f\u00fchrerscheinfrei zugelassen. Mit Mofa-F\u00fchrerschein darf bis 30 km\/h schnell gefahren werden.<\/p>\n<\/div>\n<\/div>\n\t\t\n<style>\n#text-3520311615 {\n  text-align: left;\n}\n<\/style>\n\t<\/div>\n\t\n\n\t\t<\/div>\n\t\t\t\t\n<style>\n#col-1133047751 > .col-inner {\n  padding: 7% 20px 10% 20px;\n  max-width: 520px;\n}\n@media (min-width:550px) {\n  #col-1133047751 > .col-inner {\n    padding: 7% 0px 10% 0px;\n  }\n}\n@media (min-width:850px) {\n  #col-1133047751 > .col-inner {\n    padding: 7% 10% 10% 0px;\n  }\n}\n<\/style>\n\t<\/div>\n\n\t\n\n\t<div id=\"col-1057803850\" class=\"col medium-12 small-12 large-6\"  >\n\t\t\t\t<div class=\"col-inner\"  >\n\t\t\t\n\t\t\t\n\n\t<div class=\"img has-hover x md-x lg-x y md-y lg-y\" id=\"image_1910612556\">\n\t\t\t\t\t\t\t\t<div class=\"img-inner image-cover dark\" style=\"padding-top:56.25%;\">\n\t\t\t<img loading=\"lazy\" decoding=\"async\" width=\"600\" height=\"401\" src=\"https:\/\/elfar.ch\/content\/wp-content\/uploads\/2023\/02\/k-PLUS.jpg\" class=\"attachment-original size-original\" alt=\"\" srcset=\"https:\/\/elfar.ch\/content\/wp-content\/uploads\/2023\/02\/k-PLUS.jpg 600w, https:\/\/elfar.ch\/content\/wp-content\/uploads\/2023\/02\/k-PLUS-300x201.jpg 300w\" sizes=\"auto, (max-width: 600px) 100vw, 600px\" \/>\t\t\t\t\t\t\n\t\t\t\t\t<\/div>\n\t\t\t\t\t\t\t\t\n<style>\n#image_1910612556 {\n  width: 100%;\n}\n<\/style>\n\t<\/div>\n\t\n\n\n\t\t<\/div>\n\t\t\t\t\t<\/div>\n\n\t\n\n<\/div>\n\n\t\t<\/div>\n\n\t\t\n<style>\n#section_1588949831 {\n  padding-top: 0px;\n  padding-bottom: 0px;\n  background-color: rgb(255,255,255);\n}\n<\/style>\n\t<\/section>\n\t\n\n\t<section class=\"section\" id=\"section_245867496\">\n\t\t<div class=\"section-bg fill\" >\n\t\t\t\t\t\t\t\t\t\n\t\t\t\n\n\t\t<\/div>\n\n\t\t\n\n\t\t<div class=\"section-content relative\">\n\t\t\t\n\n<div class=\"row row-collapse align-center\"  id=\"row-1966946158\">\n\n\n\t<div id=\"col-868825038\" class=\"col small-12 large-12\"  >\n\t\t\t\t<div class=\"col-inner\"  >\n\t\t\t\n\t\t\t\n\n\t<div id=\"text-2194855945\" class=\"text\">\n\t\t\n\n<h3>Technische Daten:<\/h3>\n<table cellspacing=\"2\" cellpadding=\"2\">\n<tbody>\n<tr>\n<td><strong> Modell<\/strong><\/td>\n<td><strong>DX2<\/strong><\/td>\n<td><strong>DXS<\/strong><\/td>\n<td><strong>PLUS<\/strong><\/td>\n<\/tr>\n<tr>\n<td>H\u00f6chstgeschwin-\u00a0\u00a0 <br \/>digkeit<\/td>\n<td>10 \/ 20 \/ 30 \/ 45 km\/h\u00a0\u00a0\u00a0<\/td>\n<td>10 \/ 20 \/ 30 \/ 45 km\/h\u00a0\u00a0\u00a0<\/td>\n<td>10 \/ 20 \/ 30 km\/h<\/td>\n<\/tr>\n<tr>\n<td>Reichweite<\/td>\n<td>50 &#8211; 115 km<\/td>\n<td>50 &#8211; 115 km<\/td>\n<td>50 &#8211; 100 km<\/td>\n<\/tr>\n<tr>\n<td>Ladezeit<\/td>\n<td>7 &#8211; 10 Stunden<\/td>\n<td>7 &#8211; 10 Stunden<\/td>\n<td>6 &#8211; 11 Stunden<\/td>\n<\/tr>\n<tr>\n<td>Masse (LxBxH)<\/td>\n<td>200 \/ 80 \/ 125 cm<\/td>\n<td>200 \/ 80 \/ 125 cm<\/td>\n<td>180 \/ 75 \/ 167 cm<\/td>\n<\/tr>\n<tr>\n<td>Leergewicht inkl.<br \/>Batterien \u00a0 \u00a0<\/td>\n<td>200 kg<\/td>\n<td>192 &#8211; 217 kg<\/td>\n<td>250 kg<\/td>\n<\/tr>\n<\/tbody>\n<\/table>\n<h3>\u00a0<\/h3>\n<h3>F\u00fchrerschein:<\/h3>\n<table cellspacing=\"2\" cellpadding=\"2\">\n<tbody>\n<tr>\n<td>\u00a0<strong>Maximalgeschwindigkeit<\/strong><\/td>\n<td>\u00a0<\/td>\n<\/tr>\n<tr>\n<td>10 km\/h<\/td>\n<td>kein F\u00fchrerschein \/ Mindestalter 16 Jahre<br \/>(ab 14 Jahren mit F\u00fchrerschein Kat. M oder G)<\/td>\n<\/tr>\n<tr>\n<td>20 km\/h<\/td>\n<td>kein F\u00fchrerschein \/ Mindestalter 16 Jahre<br \/>(ab 14 Jahren mit F\u00fchrerschein Kat. M oder G)<\/td>\n<\/tr>\n<tr>\n<td>30 km\/h<\/td>\n<td>Kategorie M (Mofa\/Motorfahrrad)<\/td>\n<\/tr>\n<tr>\n<td>40 km\/h<\/td>\n<td>Kategorie A1<\/td>\n<\/tr>\n<\/tbody>\n<\/table>\n<p>\u00a0<\/p>\n<p>Bis zur Maximalgeschwindigkeit von 30 km\/h besteht keine Helmpflicht.<br \/>F\u00fcr eine Maximalgeschwindigkeit von 45 km\/h ist das Tragen eines Motorradhelmes Pflicht.<\/p>\n\t\t\n<style>\n#text-2194855945 {\n  color: rgb(0, 0, 0);\n}\n#text-2194855945 > * {\n  color: rgb(0, 0, 0);\n}\n<\/style>\n\t<\/div>\n\t\n\n\t\t<\/div>\n\t\t\t\t\n<style>\n#col-868825038 > .col-inner {\n  padding: 0px 20px 0px 20px;\n}\n@media (min-width:550px) {\n  #col-868825038 > .col-inner {\n    padding: 0px 20px 0px 20px;\n  }\n}\n<\/style>\n\t<\/div>\n\n\t\n\n<\/div>\n\n\t\t<\/div>\n\n\t\t\n<style>\n#section_245867496 {\n  padding-top: 30px;\n  padding-bottom: 30px;\n  background-color: rgb(255,255,255);\n}\n<\/style>\n\t<\/section>\n\t\n\n\t<section class=\"section\" id=\"section_939298391\">\n\t\t<div class=\"section-bg fill\" >\n\t\t\t\t\t\t\t\t\t\n\t\t\t\n\n\t\t<\/div>\n\n\t\t\n\n\t\t<div class=\"section-content relative\">\n\t\t\t\n\n  <div class=\"banner-grid-wrapper\">\n  <div id=\"banner-grid-2146567385\" class=\"banner-grid row row-grid row-xsmall row-full-width\" data-packery-options=\"\">\n                      \n\n<div class=\"col grid-col large-8 grid-col-2-3\" ><div class=\"col-inner\">\n\n\n  <div class=\"banner has-hover\" id=\"banner-2055482988\">\n          <div class=\"banner-inner fill\">\n        <div class=\"banner-bg fill\" >\n            <img loading=\"lazy\" decoding=\"async\" width=\"1024\" height=\"682\" src=\"https:\/\/elfar.ch\/content\/wp-content\/uploads\/2023\/02\/k-DX2-in-Herbstlandschaft.jpg\" class=\"bg attachment-original size-original\" alt=\"\" \/>                                    \n                    <\/div>\n\t\t\n        <div class=\"banner-layers container\">\n            <div class=\"fill banner-link\"><\/div>            \n\n\n        <\/div>\n      <\/div>\n\n            \n<style>\n#banner-2055482988 {\n  padding-top: 500px;\n  background-color: rgb(255, 255, 255);\n}\n#banner-2055482988 .banner-bg img {\n  object-position: 44% 38%;\n}\n<\/style>\n  <\/div>\n\n\n\n<\/div><\/div>\n<div class=\"col grid-col large-4 grid-col-1-3\" ><div class=\"col-inner\">\n\n\n  <div class=\"banner has-hover\" id=\"banner-1939102405\">\n          <div class=\"banner-inner fill\">\n        <div class=\"banner-bg fill\" >\n            <img loading=\"lazy\" decoding=\"async\" width=\"1020\" height=\"679\" src=\"https:\/\/elfar.ch\/content\/wp-content\/uploads\/2023\/02\/k-IMG-2937.jpg\" class=\"bg attachment-large size-large\" alt=\"\" \/>                                    \n                    <\/div>\n\t\t\n        <div class=\"banner-layers container\">\n            <div class=\"fill banner-link\"><\/div>            \n\n\n        <\/div>\n      <\/div>\n\n            \n<style>\n#banner-1939102405 {\n  padding-top: 500px;\n  background-color: rgb(255, 255, 255);\n}\n#banner-1939102405 .banner-bg img {\n  object-position: 29% 62%;\n}\n<\/style>\n  <\/div>\n\n\n\n<\/div><\/div>\n<div class=\"col grid-col large-4 grid-col-2-3\" ><div class=\"col-inner\">\n\n\n  <div class=\"banner has-hover\" id=\"banner-179005084\">\n          <div class=\"banner-inner fill\">\n        <div class=\"banner-bg fill\" >\n            <img loading=\"lazy\" decoding=\"async\" width=\"1024\" height=\"682\" src=\"https:\/\/elfar.ch\/content\/wp-content\/uploads\/2023\/02\/k-KYBURZ-Fahrzeuge-machen-Freude-1.jpg\" class=\"bg attachment-original size-original\" alt=\"\" \/>                                    \n                    <\/div>\n\t\t\n        <div class=\"banner-layers container\">\n            <div class=\"fill banner-link\"><\/div>            \n\n\n        <\/div>\n      <\/div>\n\n            \n<style>\n#banner-179005084 {\n  padding-top: 500px;\n  background-color: rgb(255, 255, 255);\n}\n#banner-179005084 .banner-bg img {\n  object-position: 40% 39%;\n}\n<\/style>\n  <\/div>\n\n\n\n<\/div><\/div>\n<div class=\"col grid-col large-8 grid-col-1-3\" ><div class=\"col-inner\">\n\n\n  <div class=\"banner has-hover\" id=\"banner-936412380\">\n          <div class=\"banner-inner fill\">\n        <div class=\"banner-bg fill\" >\n            <img loading=\"lazy\" decoding=\"async\" width=\"1024\" height=\"680\" src=\"https:\/\/elfar.ch\/content\/wp-content\/uploads\/2023\/02\/k-DSC-0055.jpg\" class=\"bg attachment-original size-original\" alt=\"\" \/>                                    \n                    <\/div>\n\t\t\n        <div class=\"banner-layers container\">\n            <div class=\"fill banner-link\"><\/div>            \n\n   <div id=\"text-box-574341679\" class=\"text-box banner-layer x50 md-x50 lg-x50 y50 md-y50 lg-y50 res-text\">\n                                <div class=\"text-box-content text dark\">\n              \n              <div class=\"text-inner text-center\">\n                  \n\n\n              <\/div>\n           <\/div>\n                            \n<style>\n#text-box-574341679 {\n  width: 60%;\n}\n#text-box-574341679 .text-box-content {\n  font-size: 100%;\n}\n<\/style>\n    <\/div>\n \n\n        <\/div>\n      <\/div>\n\n            \n<style>\n#banner-936412380 {\n  padding-top: 500px;\n  background-color: rgb(255, 255, 255);\n}\n#banner-936412380 .banner-bg img {\n  object-position: 30% 58%;\n}\n<\/style>\n  <\/div>\n\n\n\n<\/div><\/div>\n\n            <\/div>\n    <style>\n    #banner-grid-2146567385 .grid-col-1{height: 600px}\n    #banner-grid-2146567385 .grid-col-1-2{height: 300px}\n    #banner-grid-2146567385 .grid-col-1-3{height:200px}\n    #banner-grid-2146567385 .grid-col-2-3{height: 400px}\n    #banner-grid-2146567385 .grid-col-1-4{height: 150px}\n    #banner-grid-2146567385 .grid-col-3-4{height: 450px}\n\n\n    \n    \n\n  <\/style>\n    <\/div>\n  \n\n\t\t<\/div>\n\n\t\t\n<style>\n#section_939298391 {\n  padding-top: 30px;\n  padding-bottom: 30px;\n}\n<\/style>\n\t<\/section>\n\t\n\n","protected":false},"excerpt":{"rendered":"","protected":false},"author":1,"featured_media":0,"parent":88,"menu_order":1,"comment_status":"closed","ping_status":"closed","template":"","meta":{"footnotes":""},"class_list":["post-408","page","type-page","status-publish","hentry"],"yoast_head":"<!-- This site is optimized with the Yoast SEO plugin v27.6 - https:\/\/yoast.com\/product\/yoast-seo-wordpress\/ -->\n<title>Kyburz - Elfar<\/title>\n<meta name=\"robots\" content=\"index, follow, max-snippet:-1, max-image-preview:large, max-video-preview:-1\" \/>\n<link rel=\"canonical\" href=\"https:\/\/elfar.ch\/content\/produkte\/mobility-e-scooter\/kyburz\/\" \/>\n<meta property=\"og:locale\" content=\"de_DE\" \/>\n<meta property=\"og:type\" content=\"article\" \/>\n<meta property=\"og:title\" content=\"Kyburz - Elfar\" \/>\n<meta property=\"og:url\" content=\"https:\/\/elfar.ch\/content\/produkte\/mobility-e-scooter\/kyburz\/\" \/>\n<meta property=\"og:site_name\" content=\"Elfar\" \/>\n<meta property=\"article:modified_time\" content=\"2026-03-14T14:19:41+00:00\" \/>\n<meta name=\"twitter:card\" content=\"summary_large_image\" \/>\n<script type=\"application\/ld+json\" class=\"yoast-schema-graph\">{\"@context\":\"https:\\\/\\\/schema.org\",\"@graph\":[{\"@type\":\"WebPage\",\"@id\":\"https:\\\/\\\/elfar.ch\\\/content\\\/produkte\\\/mobility-e-scooter\\\/kyburz\\\/\",\"url\":\"https:\\\/\\\/elfar.ch\\\/content\\\/produkte\\\/mobility-e-scooter\\\/kyburz\\\/\",\"name\":\"Kyburz - Elfar\",\"isPartOf\":{\"@id\":\"https:\\\/\\\/elfar.ch\\\/content\\\/#website\"},\"datePublished\":\"2023-02-10T18:34:37+00:00\",\"dateModified\":\"2026-03-14T14:19:41+00:00\",\"breadcrumb\":{\"@id\":\"https:\\\/\\\/elfar.ch\\\/content\\\/produkte\\\/mobility-e-scooter\\\/kyburz\\\/#breadcrumb\"},\"inLanguage\":\"de\",\"potentialAction\":[{\"@type\":\"ReadAction\",\"target\":[\"https:\\\/\\\/elfar.ch\\\/content\\\/produkte\\\/mobility-e-scooter\\\/kyburz\\\/\"]}]},{\"@type\":\"BreadcrumbList\",\"@id\":\"https:\\\/\\\/elfar.ch\\\/content\\\/produkte\\\/mobility-e-scooter\\\/kyburz\\\/#breadcrumb\",\"itemListElement\":[{\"@type\":\"ListItem\",\"position\":1,\"name\":\"Startseite\",\"item\":\"https:\\\/\\\/elfar.ch\\\/content\\\/\"},{\"@type\":\"ListItem\",\"position\":2,\"name\":\"Produkte\",\"item\":\"https:\\\/\\\/elfar.ch\\\/content\\\/produkte\\\/\"},{\"@type\":\"ListItem\",\"position\":3,\"name\":\"Mobility E-Scooter\",\"item\":\"https:\\\/\\\/elfar.ch\\\/content\\\/produkte\\\/mobility-e-scooter\\\/\"},{\"@type\":\"ListItem\",\"position\":4,\"name\":\"Kyburz\"}]},{\"@type\":\"WebSite\",\"@id\":\"https:\\\/\\\/elfar.ch\\\/content\\\/#website\",\"url\":\"https:\\\/\\\/elfar.ch\\\/content\\\/\",\"name\":\"elfar\",\"description\":\"Wir fahren elektrisch\",\"publisher\":{\"@id\":\"https:\\\/\\\/elfar.ch\\\/content\\\/#organization\"},\"potentialAction\":[{\"@type\":\"SearchAction\",\"target\":{\"@type\":\"EntryPoint\",\"urlTemplate\":\"https:\\\/\\\/elfar.ch\\\/content\\\/?s={search_term_string}\"},\"query-input\":{\"@type\":\"PropertyValueSpecification\",\"valueRequired\":true,\"valueName\":\"search_term_string\"}}],\"inLanguage\":\"de\"},{\"@type\":\"Organization\",\"@id\":\"https:\\\/\\\/elfar.ch\\\/content\\\/#organization\",\"name\":\"elfar GmbH\",\"url\":\"https:\\\/\\\/elfar.ch\\\/content\\\/\",\"logo\":{\"@type\":\"ImageObject\",\"inLanguage\":\"de\",\"@id\":\"https:\\\/\\\/elfar.ch\\\/content\\\/#\\\/schema\\\/logo\\\/image\\\/\",\"url\":\"https:\\\/\\\/elfar.ch\\\/content\\\/wp-content\\\/uploads\\\/2022\\\/12\\\/logo4.png\",\"contentUrl\":\"https:\\\/\\\/elfar.ch\\\/content\\\/wp-content\\\/uploads\\\/2022\\\/12\\\/logo4.png\",\"width\":543,\"height\":204,\"caption\":\"elfar GmbH\"},\"image\":{\"@id\":\"https:\\\/\\\/elfar.ch\\\/content\\\/#\\\/schema\\\/logo\\\/image\\\/\"},\"sameAs\":[\"https:\\\/\\\/www.instagram.com\\\/elfar_gmbh\\\/\"]}]}<\/script>\n<!-- \/ Yoast SEO plugin. -->","yoast_head_json":{"title":"Kyburz - Elfar","robots":{"index":"index","follow":"follow","max-snippet":"max-snippet:-1","max-image-preview":"max-image-preview:large","max-video-preview":"max-video-preview:-1"},"canonical":"https:\/\/elfar.ch\/content\/produkte\/mobility-e-scooter\/kyburz\/","og_locale":"de_DE","og_type":"article","og_title":"Kyburz - Elfar","og_url":"https:\/\/elfar.ch\/content\/produkte\/mobility-e-scooter\/kyburz\/","og_site_name":"Elfar","article_modified_time":"2026-03-14T14:19:41+00:00","twitter_card":"summary_large_image","schema":{"@context":"https:\/\/schema.org","@graph":[{"@type":"WebPage","@id":"https:\/\/elfar.ch\/content\/produkte\/mobility-e-scooter\/kyburz\/","url":"https:\/\/elfar.ch\/content\/produkte\/mobility-e-scooter\/kyburz\/","name":"Kyburz - Elfar","isPartOf":{"@id":"https:\/\/elfar.ch\/content\/#website"},"datePublished":"2023-02-10T18:34:37+00:00","dateModified":"2026-03-14T14:19:41+00:00","breadcrumb":{"@id":"https:\/\/elfar.ch\/content\/produkte\/mobility-e-scooter\/kyburz\/#breadcrumb"},"inLanguage":"de","potentialAction":[{"@type":"ReadAction","target":["https:\/\/elfar.ch\/content\/produkte\/mobility-e-scooter\/kyburz\/"]}]},{"@type":"BreadcrumbList","@id":"https:\/\/elfar.ch\/content\/produkte\/mobility-e-scooter\/kyburz\/#breadcrumb","itemListElement":[{"@type":"ListItem","position":1,"name":"Startseite","item":"https:\/\/elfar.ch\/content\/"},{"@type":"ListItem","position":2,"name":"Produkte","item":"https:\/\/elfar.ch\/content\/produkte\/"},{"@type":"ListItem","position":3,"name":"Mobility E-Scooter","item":"https:\/\/elfar.ch\/content\/produkte\/mobility-e-scooter\/"},{"@type":"ListItem","position":4,"name":"Kyburz"}]},{"@type":"WebSite","@id":"https:\/\/elfar.ch\/content\/#website","url":"https:\/\/elfar.ch\/content\/","name":"elfar","description":"Wir fahren elektrisch","publisher":{"@id":"https:\/\/elfar.ch\/content\/#organization"},"potentialAction":[{"@type":"SearchAction","target":{"@type":"EntryPoint","urlTemplate":"https:\/\/elfar.ch\/content\/?s={search_term_string}"},"query-input":{"@type":"PropertyValueSpecification","valueRequired":true,"valueName":"search_term_string"}}],"inLanguage":"de"},{"@type":"Organization","@id":"https:\/\/elfar.ch\/content\/#organization","name":"elfar GmbH","url":"https:\/\/elfar.ch\/content\/","logo":{"@type":"ImageObject","inLanguage":"de","@id":"https:\/\/elfar.ch\/content\/#\/schema\/logo\/image\/","url":"https:\/\/elfar.ch\/content\/wp-content\/uploads\/2022\/12\/logo4.png","contentUrl":"https:\/\/elfar.ch\/content\/wp-content\/uploads\/2022\/12\/logo4.png","width":543,"height":204,"caption":"elfar GmbH"},"image":{"@id":"https:\/\/elfar.ch\/content\/#\/schema\/logo\/image\/"},"sameAs":["https:\/\/www.instagram.com\/elfar_gmbh\/"]}]}},"_links":{"self":[{"href":"https:\/\/elfar.ch\/content\/wp-json\/wp\/v2\/pages\/408","targetHints":{"allow":["GET"]}}],"collection":[{"href":"https:\/\/elfar.ch\/content\/wp-json\/wp\/v2\/pages"}],"about":[{"href":"https:\/\/elfar.ch\/content\/wp-json\/wp\/v2\/types\/page"}],"author":[{"embeddable":true,"href":"https:\/\/elfar.ch\/content\/wp-json\/wp\/v2\/users\/1"}],"replies":[{"embeddable":true,"href":"https:\/\/elfar.ch\/content\/wp-json\/wp\/v2\/comments?post=408"}],"version-history":[{"count":32,"href":"https:\/\/elfar.ch\/content\/wp-json\/wp\/v2\/pages\/408\/revisions"}],"predecessor-version":[{"id":2423,"href":"https:\/\/elfar.ch\/content\/wp-json\/wp\/v2\/pages\/408\/revisions\/2423"}],"up":[{"embeddable":true,"href":"https:\/\/elfar.ch\/content\/wp-json\/wp\/v2\/pages\/88"}],"wp:attachment":[{"href":"https:\/\/elfar.ch\/content\/wp-json\/wp\/v2\/media?parent=408"}],"curies":[{"name":"wp","href":"https:\/\/api.w.org\/{rel}","templated":true}]}}