{"id":465,"date":"2023-02-10T20:54:45","date_gmt":"2023-02-10T20:54:45","guid":{"rendered":"https:\/\/elfar.ch\/elfar_wp\/?page_id=465"},"modified":"2023-03-26T12:00:31","modified_gmt":"2023-03-26T12:00:31","slug":"nihola","status":"publish","type":"page","link":"https:\/\/elfar.ch\/content\/produkte\/e-bikes\/nihola\/","title":{"rendered":"Nihola"},"content":{"rendered":"\n\n  <div class=\"banner has-hover has-parallax\" id=\"banner-534476544\">\n          <div class=\"banner-inner fill\">\n        <div class=\"banner-bg fill\" data-parallax=\"-3\" data-parallax-container=\".banner\" data-parallax-background>\n            <img loading=\"lazy\" decoding=\"async\" width=\"1020\" height=\"680\" src=\"https:\/\/elfar.ch\/content\/wp-content\/uploads\/2023\/02\/nihola-full-1-1024x683.jpg\" class=\"bg attachment-large size-large\" alt=\"\" \/>                        <div class=\"overlay\"><\/div>            \n                    <\/div>\n\t\t\n        <div class=\"banner-layers container\">\n            <div class=\"fill banner-link\"><\/div>            \n\n   <div id=\"text-box-892972454\" class=\"text-box banner-layer x50 md-x50 lg-x50 y85 md-y85 lg-y85 res-text\">\n                                <div class=\"text-box-content text dark\">\n              \n              <div class=\"text-inner text-center\">\n                  \n\n<section id=\"lead\">\n<div class=\"container\">\n<div class=\"jumbotron\">\n<h1><strong>Nihola<\/strong><\/h1>\n<h3><strong>Der Testsieger von D\u00e4nemark<\/strong><\/h3>\n<\/div>\n<\/div>\n<\/section>\n\n              <\/div>\n           <\/div>\n                            \n<style>\n#text-box-892972454 .text-box-content {\n  background-color: rgba(0, 0, 0, 0.7);\n  border-radius: 6px;\n  font-size: 100%;\n}\n#text-box-892972454 {\n  width: 100%;\n}\n<\/style>\n    <\/div>\n \n\n        <\/div>\n      <\/div>\n\n            \n<style>\n#banner-534476544 {\n  padding-top: 100%;\n  background-color: rgb(255, 255, 255);\n}\n#banner-534476544 .overlay {\n  background-color: rgba(0, 0, 0, 0.17);\n}\n#banner-534476544 .banner-bg img {\n  object-position: 71% 40%;\n}\n@media (min-width:550px) {\n  #banner-534476544 {\n    padding-top: 50%;\n  }\n}\n<\/style>\n  <\/div>\n\n\n\n\t<section class=\"section\" id=\"section_405322192\">\n\t\t<div class=\"section-bg fill\" >\n\t\t\t\t\t\t\t\t\t\n\t\t\t\n\n\t\t<\/div>\n\n\t\t\n\n\t\t<div class=\"section-content relative\">\n\t\t\t\n\n<div class=\"row row-collapse align-center\"  id=\"row-1687444049\">\n\n\n\t<div id=\"col-313371888\" class=\"col small-12 large-12\"  >\n\t\t\t\t<div class=\"col-inner\"  >\n\t\t\t\n\t\t\t\n\n<p>Das Fahrrad f\u00fcr die FAMILILE &#8211; bei uns nat\u00fcrlich mit elektrischem Antrieb! \u201cGem\u00e4ss unserem Test ist nihola das schnellste, am leichtesten lenkbare Transportfahrrad und bietet das angenehmste Fahrverhalten\u2026\u201c, so das Urteil der renommierten Dutch Association of Cyclists (Fietsbond) in ihrem Test von beliebten Transportfahrr\u00e4dern.<\/p>\n\n\t\t<\/div>\n\t\t\t\t\n<style>\n#col-313371888 > .col-inner {\n  padding: 0px 20px 0px 20px;\n}\n@media (min-width:550px) {\n  #col-313371888 > .col-inner {\n    padding: 0px 20px 0px 20px;\n  }\n}\n<\/style>\n\t<\/div>\n\n\t\n\n<\/div>\n\n\t\t<\/div>\n\n\t\t\n<style>\n#section_405322192 {\n  padding-top: 40px;\n  padding-bottom: 40px;\n  background-color: rgb(204, 204, 204);\n}\n<\/style>\n\t<\/section>\n\t\n\n\t<section class=\"section\" id=\"section_390982320\">\n\t\t<div class=\"section-bg fill\" >\n\t\t\t\t\t\t\t\t\t\n\t\t\t\n\n\t\t<\/div>\n\n\t\t\n\n\t\t<div class=\"section-content relative\">\n\t\t\t\n\n<div class=\"row row-collapse row-full-width align-middle\"  id=\"row-767704613\">\n\n\n\t<div id=\"col-1788078190\" class=\"col medium-12 small-12 large-6\"  >\n\t\t\t\t<div class=\"col-inner text-center\"  >\n\t\t\t\n\t\t\t\n\n\t<div id=\"text-1514780821\" class=\"text\">\n\t\t\n\n<p>Nihola entwickelt und produziert patentgesch\u00fctzte Dreir\u00e4der f\u00fcr Familien. Die angebotenen Fahrr\u00e4der dienen dem Gebrauch von Familien, Beeintr\u00e4chtigten \/ Altersschwachen, Institutionen und zur Werbung.<\/p>\n<p>Nihola bietet seit mehr als 10 Jahren handgefertigte Qualit\u00e4t und wurde als Testsieger in D\u00e4nemark, Holland und Schweden ausgezeichnet.<\/p>\n<p>Nihola Transportfahrr\u00e4der haben eine einzigartige Eigenschaft: der Kastenboden ist niedriger als die Achse der Vorderr\u00e4der. Dies bedeutet extra Stabilit\u00e4t und schafft zus\u00e4tzlichen Stauraum. So k\u00f6nnen Sie unter der Sitzbank problemlos eine Babytragetasche platzieren, ganz ohne den Gebrauch von Hilfswerkzeug.<\/p>\n\t\t\n<style>\n#text-1514780821 {\n  text-align: left;\n}\n<\/style>\n\t<\/div>\n\t\n\n\t\t<\/div>\n\t\t\t\t\n<style>\n#col-1788078190 > .col-inner {\n  padding: 7% 20px 10% 20px;\n  max-width: 520px;\n}\n@media (min-width:550px) {\n  #col-1788078190 > .col-inner {\n    padding: 7% 0px 10% 0px;\n  }\n}\n@media (min-width:850px) {\n  #col-1788078190 > .col-inner {\n    padding: 7% 10% 10% 0px;\n  }\n}\n<\/style>\n\t<\/div>\n\n\t\n\n\t<div id=\"col-20394332\" class=\"col medium-12 small-12 large-6\"  >\n\t\t\t\t<div class=\"col-inner\"  >\n\t\t\t\n\t\t\t\n\n\t<div class=\"img has-hover x md-x lg-x y md-y lg-y\" id=\"image_688339093\">\n\t\t\t\t\t\t\t\t<div class=\"img-inner image-cover dark\" style=\"padding-top:56.25%;\">\n\t\t\t<img loading=\"lazy\" decoding=\"async\" width=\"600\" height=\"401\" src=\"https:\/\/elfar.ch\/content\/wp-content\/uploads\/2023\/02\/k-nihola-2.jpg\" class=\"attachment-original size-original\" alt=\"\" srcset=\"https:\/\/elfar.ch\/content\/wp-content\/uploads\/2023\/02\/k-nihola-2.jpg 600w, https:\/\/elfar.ch\/content\/wp-content\/uploads\/2023\/02\/k-nihola-2-300x201.jpg 300w\" sizes=\"auto, (max-width: 600px) 100vw, 600px\" \/>\t\t\t\t\t\t\n\t\t\t\t\t<\/div>\n\t\t\t\t\t\t\t\t\n<style>\n#image_688339093 {\n  width: 100%;\n}\n<\/style>\n\t<\/div>\n\t\n\n\n\t\t<\/div>\n\t\t\t\t\t<\/div>\n\n\t\n\n<\/div>\n\n\t\t<\/div>\n\n\t\t\n<style>\n#section_390982320 {\n  padding-top: 0px;\n  padding-bottom: 0px;\n}\n<\/style>\n\t<\/section>\n\t\n\n\t<section class=\"section\" id=\"section_1198491375\">\n\t\t<div class=\"section-bg fill\" >\n\t\t\t\t\t\t\t\t\t\n\t\t\t\n\n\t\t<\/div>\n\n\t\t\n\n\t\t<div class=\"section-content relative\">\n\t\t\t\n\n<div class=\"row row-collapse row-full-width align-middle\"  id=\"row-837373608\">\n\n\n\t<div id=\"col-165282220\" class=\"col medium-12 small-12 large-6\"  >\n\t\t\t\t<div class=\"col-inner text-center\"  >\n\t\t\t\n\t\t\t\n\n\t<div id=\"text-1796572011\" class=\"text\">\n\t\t\n\n<p>\u00a0<\/p>\n<h2 class=\"caption leftAlone\"><strong>Nihola Family<br \/><\/strong><\/h2>\n<p>Family ist ideal f\u00fcr den t\u00e4glichen Gebrauch mit kleineren Kindern. <br \/>Es bietet eine grossartige Alternative zu dem klassischen Fahrradanh\u00e4nger, denn bei einem nihola Familienrad sitzen die Kinder vor Ihnen. So haben die Kinder eine sch\u00f6ne Aussicht und Sie Ihre Kinder gut im Blick.<br \/>Dank dem Regenverdeck, welches den Transportkasten abdeckt, kann jedes Wetter bew\u00e4ltigt werden. Eine steigende Anzahl von Familien entdeckt die Vorteile eines nihola Transportfahrrads. <br \/>Mit dem nihola k\u00f6nnen Sie Ihre Kinder sicher in den Kindergarten, die Kindertagesst\u00e4tte oder die Schule bringen. Ebenfalls lassen sich ideal Lebensmitteleink\u00e4ufe sowie andere Dinge transportieren.<\/p>\n\t\t\n<style>\n#text-1796572011 {\n  text-align: left;\n}\n<\/style>\n\t<\/div>\n\t\n\n\t\t<\/div>\n\t\t\t\t\n<style>\n#col-165282220 > .col-inner {\n  padding: 7% 20px 10% 20px;\n  max-width: 520px;\n}\n@media (min-width:550px) {\n  #col-165282220 > .col-inner {\n    padding: 7% 0px 10% 0px;\n  }\n}\n@media (min-width:850px) {\n  #col-165282220 > .col-inner {\n    padding: 7% 10% 10% 0px;\n  }\n}\n<\/style>\n\t<\/div>\n\n\t\n\n\t<div id=\"col-451214825\" class=\"col medium-12 small-12 large-6\"  >\n\t\t\t\t<div class=\"col-inner\"  >\n\t\t\t\n\t\t\t\n\n\t<div class=\"img has-hover x md-x lg-x y md-y lg-y\" id=\"image_1180224474\">\n\t\t\t\t\t\t\t\t<div class=\"img-inner image-cover dark\" style=\"padding-top:56.25%;\">\n\t\t\t<img loading=\"lazy\" decoding=\"async\" width=\"600\" height=\"401\" src=\"https:\/\/elfar.ch\/content\/wp-content\/uploads\/2023\/02\/k-nihola-7.jpg\" class=\"attachment-original size-original\" alt=\"\" srcset=\"https:\/\/elfar.ch\/content\/wp-content\/uploads\/2023\/02\/k-nihola-7.jpg 600w, https:\/\/elfar.ch\/content\/wp-content\/uploads\/2023\/02\/k-nihola-7-300x201.jpg 300w\" sizes=\"auto, (max-width: 600px) 100vw, 600px\" \/>\t\t\t\t\t\t\n\t\t\t\t\t<\/div>\n\t\t\t\t\t\t\t\t\n<style>\n#image_1180224474 {\n  width: 100%;\n}\n<\/style>\n\t<\/div>\n\t\n\n\n\t\t<\/div>\n\t\t\t\t\t<\/div>\n\n\t\n\n<\/div>\n\n\t\t<\/div>\n\n\t\t\n<style>\n#section_1198491375 {\n  padding-top: 0px;\n  padding-bottom: 0px;\n  background-color: rgb(204, 204, 204);\n}\n<\/style>\n\t<\/section>\n\t\n\n\t<section class=\"section\" id=\"section_763880281\">\n\t\t<div class=\"section-bg fill\" >\n\t\t\t\t\t\t\t\t\t\n\t\t\t\n\n\t\t<\/div>\n\n\t\t\n\n\t\t<div class=\"section-content relative\">\n\t\t\t\n\n<div class=\"row row-collapse row-full-width align-middle\"  id=\"row-789957159\">\n\n\n\t<div id=\"col-1731209265\" class=\"col medium-12 small-12 large-6\"  >\n\t\t\t\t<div class=\"col-inner text-center\"  >\n\t\t\t\n\t\t\t\n\n\t<div id=\"text-3111731813\" class=\"text\">\n\t\t\n\n<h2 class=\"caption leftAlone\"><strong>Weitere Produkte<br \/><\/strong><\/h2>\n<p><strong>nihola Dog, nihola Rehab, nihola Low, nihola Flex, nihola BIG und das Posterbike<\/strong><\/p>\n<p>Die ersten zwei Transportfahrr\u00e4der basieren auf dem nihola Family und sind somit Varianten dieses Modells. Nihola Low ist speziell f\u00fcr leichte und stabile Alleinfahrten entwickelt, w\u00e4hrend das nihola Flex speziell f\u00fcr Rollstuhlfahrer entwickelt wurde. Nihola BIG ist das gr\u00f6sste Modell und wird prim\u00e4r von Institutionen verwendet, da es bis zu sechs Kinder angeschnallt transportieren kann. Das Posterbike ist speziell f\u00fcr Werbung und kommerziellen Gebrauch designt.<\/p>\n\t\t\n<style>\n#text-3111731813 {\n  text-align: left;\n}\n<\/style>\n\t<\/div>\n\t\n\n\t\t<\/div>\n\t\t\t\t\n<style>\n#col-1731209265 > .col-inner {\n  padding: 7% 20px 10% 20px;\n  max-width: 520px;\n}\n@media (min-width:550px) {\n  #col-1731209265 > .col-inner {\n    padding: 7% 0px 10% 0px;\n  }\n}\n@media (min-width:850px) {\n  #col-1731209265 > .col-inner {\n    padding: 7% 10% 10% 0px;\n  }\n}\n<\/style>\n\t<\/div>\n\n\t\n\n\t<div id=\"col-189484730\" class=\"col medium-12 small-12 large-6\"  >\n\t\t\t\t<div class=\"col-inner\"  >\n\t\t\t\n\t\t\t\n\n\t<div class=\"img has-hover x md-x lg-x y md-y lg-y\" id=\"image_45266820\">\n\t\t\t\t\t\t\t\t<div class=\"img-inner image-cover dark\" style=\"padding-top:56.25%;\">\n\t\t\t<img loading=\"lazy\" decoding=\"async\" width=\"600\" height=\"401\" src=\"https:\/\/elfar.ch\/content\/wp-content\/uploads\/2023\/02\/k-nihola-posterbike-2.jpg\" class=\"attachment-original size-original\" alt=\"\" srcset=\"https:\/\/elfar.ch\/content\/wp-content\/uploads\/2023\/02\/k-nihola-posterbike-2.jpg 600w, https:\/\/elfar.ch\/content\/wp-content\/uploads\/2023\/02\/k-nihola-posterbike-2-300x201.jpg 300w\" sizes=\"auto, (max-width: 600px) 100vw, 600px\" \/>\t\t\t\t\t\t\n\t\t\t\t\t<\/div>\n\t\t\t\t\t\t\t\t\n<style>\n#image_45266820 {\n  width: 100%;\n}\n<\/style>\n\t<\/div>\n\t\n\n\n\t\t<\/div>\n\t\t\t\t\t<\/div>\n\n\t\n\n<\/div>\n\n\t\t<\/div>\n\n\t\t\n<style>\n#section_763880281 {\n  padding-top: 0px;\n  padding-bottom: 0px;\n}\n<\/style>\n\t<\/section>\n\t\n<div class=\"text-center\"><div class=\"is-divider divider clearfix\" style=\"margin-top:20px;margin-bottom:20px;max-width:100%;height:1px;background-color:rgb(204, 204, 204);\"><\/div><\/div>\n\n\n\t<section class=\"section\" id=\"section_761981524\">\n\t\t<div class=\"section-bg fill\" >\n\t\t\t\t\t\t\t\t\t\n\t\t\t\n\n\t\t<\/div>\n\n\t\t\n\n\t\t<div class=\"section-content relative\">\n\t\t\t\n\n  <div class=\"banner-grid-wrapper\">\n  <div id=\"banner-grid-2027947599\" class=\"banner-grid row row-grid row-xsmall row-full-width\" data-packery-options=\"\">\n                      \n\n<div class=\"col grid-col large-8 grid-col-2-3\" ><div class=\"col-inner\">\n\n\n  <div class=\"banner has-hover\" id=\"banner-153762588\">\n          <div class=\"banner-inner fill\">\n        <div class=\"banner-bg fill\" >\n            <img loading=\"lazy\" decoding=\"async\" width=\"1024\" height=\"682\" src=\"https:\/\/elfar.ch\/content\/wp-content\/uploads\/2023\/02\/k-nihola-6.jpg\" class=\"bg attachment-original size-original\" alt=\"\" \/>                                    \n                    <\/div>\n\t\t\n        <div class=\"banner-layers container\">\n            <div class=\"fill banner-link\"><\/div>            \n\n\n        <\/div>\n      <\/div>\n\n            \n<style>\n#banner-153762588 {\n  padding-top: 500px;\n  background-color: rgb(255, 255, 255);\n}\n#banner-153762588 .banner-bg img {\n  object-position: 63% 48%;\n}\n<\/style>\n  <\/div>\n\n\n\n<\/div><\/div>\n<div class=\"col grid-col large-4 grid-col-1-3\" ><div class=\"col-inner\">\n\n\n  <div class=\"banner has-hover\" id=\"banner-365013994\">\n          <div class=\"banner-inner fill\">\n        <div class=\"banner-bg fill\" >\n            <img loading=\"lazy\" decoding=\"async\" width=\"1020\" height=\"680\" src=\"https:\/\/elfar.ch\/content\/wp-content\/uploads\/2023\/02\/k-nihola-dog.jpg\" class=\"bg attachment-large size-large\" alt=\"\" \/>                                    \n                    <\/div>\n\t\t\n        <div class=\"banner-layers container\">\n            <div class=\"fill banner-link\"><\/div>            \n\n\n        <\/div>\n      <\/div>\n\n            \n<style>\n#banner-365013994 {\n  padding-top: 500px;\n  background-color: rgb(255, 255, 255);\n}\n#banner-365013994 .banner-bg img {\n  object-position: 55% 25%;\n}\n<\/style>\n  <\/div>\n\n\n\n<\/div><\/div>\n<div class=\"col grid-col large-4 grid-col-2-3\" ><div class=\"col-inner\">\n\n\n  <div class=\"banner has-hover\" id=\"banner-944414995\">\n          <div class=\"banner-inner fill\">\n        <div class=\"banner-bg fill\" >\n            <img loading=\"lazy\" decoding=\"async\" width=\"1024\" height=\"682\" src=\"https:\/\/elfar.ch\/content\/wp-content\/uploads\/2023\/02\/k-nihola-flex-2-1.jpg\" class=\"bg attachment-original size-original\" alt=\"\" \/>                                    \n                    <\/div>\n\t\t\n        <div class=\"banner-layers container\">\n            <div class=\"fill banner-link\"><\/div>            \n\n\n        <\/div>\n      <\/div>\n\n            \n<style>\n#banner-944414995 {\n  padding-top: 500px;\n  background-color: rgb(255, 255, 255);\n}\n#banner-944414995 .banner-bg img {\n  object-position: 41% 32%;\n}\n<\/style>\n  <\/div>\n\n\n\n<\/div><\/div>\n<div class=\"col grid-col large-8 grid-col-1-3\" ><div class=\"col-inner\">\n\n\n  <div class=\"banner has-hover\" id=\"banner-1283781722\">\n          <div class=\"banner-inner fill\">\n        <div class=\"banner-bg fill\" >\n            <img loading=\"lazy\" decoding=\"async\" width=\"1024\" height=\"682\" src=\"https:\/\/elfar.ch\/content\/wp-content\/uploads\/2023\/02\/k-nihola-3.jpg\" class=\"bg attachment-original size-original\" alt=\"\" \/>                                    \n                    <\/div>\n\t\t\n        <div class=\"banner-layers container\">\n            <div class=\"fill banner-link\"><\/div>            \n\n   <div id=\"text-box-2069976899\" class=\"text-box banner-layer x85 md-x85 lg-x85 y50 md-y50 lg-y50 res-text\">\n                                <div class=\"text-box-content text dark\">\n              \n              <div class=\"text-inner text-center\">\n                  \n\n\n              <\/div>\n           <\/div>\n                            \n<style>\n#text-box-2069976899 {\n  width: 60%;\n}\n#text-box-2069976899 .text-box-content {\n  font-size: 100%;\n}\n<\/style>\n    <\/div>\n \n\n        <\/div>\n      <\/div>\n\n            \n<style>\n#banner-1283781722 {\n  padding-top: 500px;\n  background-color: rgb(255, 255, 255);\n}\n#banner-1283781722 .banner-bg img {\n  object-position: 52% 42%;\n}\n<\/style>\n  <\/div>\n\n\n\n<\/div><\/div>\n\n            <\/div>\n    <style>\n    #banner-grid-2027947599 .grid-col-1{height: 600px}\n    #banner-grid-2027947599 .grid-col-1-2{height: 300px}\n    #banner-grid-2027947599 .grid-col-1-3{height:200px}\n    #banner-grid-2027947599 .grid-col-2-3{height: 400px}\n    #banner-grid-2027947599 .grid-col-1-4{height: 150px}\n    #banner-grid-2027947599 .grid-col-3-4{height: 450px}\n\n\n    \n    \n\n  <\/style>\n    <\/div>\n  \n\n\t\t<\/div>\n\n\t\t\n<style>\n#section_761981524 {\n  padding-top: 30px;\n  padding-bottom: 30px;\n}\n<\/style>\n\t<\/section>\n\t\n\n","protected":false},"excerpt":{"rendered":"","protected":false},"author":1,"featured_media":0,"parent":86,"menu_order":7,"comment_status":"closed","ping_status":"closed","template":"","meta":{"footnotes":""},"class_list":["post-465","page","type-page","status-publish","hentry"],"yoast_head":"<!-- This site is optimized with the Yoast SEO plugin v27.5 - https:\/\/yoast.com\/product\/yoast-seo-wordpress\/ -->\n<title>Nihola - Elfar<\/title>\n<meta name=\"robots\" content=\"index, follow, max-snippet:-1, max-image-preview:large, max-video-preview:-1\" \/>\n<link rel=\"canonical\" href=\"https:\/\/elfar.ch\/content\/produkte\/e-bikes\/nihola\/\" \/>\n<meta property=\"og:locale\" content=\"de_DE\" \/>\n<meta property=\"og:type\" content=\"article\" \/>\n<meta property=\"og:title\" content=\"Nihola - Elfar\" \/>\n<meta property=\"og:url\" content=\"https:\/\/elfar.ch\/content\/produkte\/e-bikes\/nihola\/\" \/>\n<meta property=\"og:site_name\" content=\"Elfar\" \/>\n<meta property=\"article:modified_time\" content=\"2023-03-26T12:00:31+00:00\" \/>\n<meta name=\"twitter:card\" content=\"summary_large_image\" \/>\n<meta name=\"twitter:label1\" content=\"Gesch\u00e4tzte Lesezeit\" \/>\n\t<meta name=\"twitter:data1\" content=\"3\u00a0Minuten\" \/>\n<script type=\"application\/ld+json\" class=\"yoast-schema-graph\">{\"@context\":\"https:\\\/\\\/schema.org\",\"@graph\":[{\"@type\":\"WebPage\",\"@id\":\"https:\\\/\\\/elfar.ch\\\/content\\\/produkte\\\/e-bikes\\\/nihola\\\/\",\"url\":\"https:\\\/\\\/elfar.ch\\\/content\\\/produkte\\\/e-bikes\\\/nihola\\\/\",\"name\":\"Nihola - Elfar\",\"isPartOf\":{\"@id\":\"https:\\\/\\\/elfar.ch\\\/content\\\/#website\"},\"datePublished\":\"2023-02-10T20:54:45+00:00\",\"dateModified\":\"2023-03-26T12:00:31+00:00\",\"breadcrumb\":{\"@id\":\"https:\\\/\\\/elfar.ch\\\/content\\\/produkte\\\/e-bikes\\\/nihola\\\/#breadcrumb\"},\"inLanguage\":\"de\",\"potentialAction\":[{\"@type\":\"ReadAction\",\"target\":[\"https:\\\/\\\/elfar.ch\\\/content\\\/produkte\\\/e-bikes\\\/nihola\\\/\"]}]},{\"@type\":\"BreadcrumbList\",\"@id\":\"https:\\\/\\\/elfar.ch\\\/content\\\/produkte\\\/e-bikes\\\/nihola\\\/#breadcrumb\",\"itemListElement\":[{\"@type\":\"ListItem\",\"position\":1,\"name\":\"Startseite\",\"item\":\"https:\\\/\\\/elfar.ch\\\/content\\\/\"},{\"@type\":\"ListItem\",\"position\":2,\"name\":\"Produkte\",\"item\":\"https:\\\/\\\/elfar.ch\\\/content\\\/produkte\\\/\"},{\"@type\":\"ListItem\",\"position\":3,\"name\":\"E-Bike\",\"item\":\"https:\\\/\\\/elfar.ch\\\/content\\\/produkte\\\/e-bikes\\\/\"},{\"@type\":\"ListItem\",\"position\":4,\"name\":\"Nihola\"}]},{\"@type\":\"WebSite\",\"@id\":\"https:\\\/\\\/elfar.ch\\\/content\\\/#website\",\"url\":\"https:\\\/\\\/elfar.ch\\\/content\\\/\",\"name\":\"elfar\",\"description\":\"Wir fahren elektrisch\",\"publisher\":{\"@id\":\"https:\\\/\\\/elfar.ch\\\/content\\\/#organization\"},\"potentialAction\":[{\"@type\":\"SearchAction\",\"target\":{\"@type\":\"EntryPoint\",\"urlTemplate\":\"https:\\\/\\\/elfar.ch\\\/content\\\/?s={search_term_string}\"},\"query-input\":{\"@type\":\"PropertyValueSpecification\",\"valueRequired\":true,\"valueName\":\"search_term_string\"}}],\"inLanguage\":\"de\"},{\"@type\":\"Organization\",\"@id\":\"https:\\\/\\\/elfar.ch\\\/content\\\/#organization\",\"name\":\"elfar GmbH\",\"url\":\"https:\\\/\\\/elfar.ch\\\/content\\\/\",\"logo\":{\"@type\":\"ImageObject\",\"inLanguage\":\"de\",\"@id\":\"https:\\\/\\\/elfar.ch\\\/content\\\/#\\\/schema\\\/logo\\\/image\\\/\",\"url\":\"https:\\\/\\\/elfar.ch\\\/content\\\/wp-content\\\/uploads\\\/2022\\\/12\\\/logo4.png\",\"contentUrl\":\"https:\\\/\\\/elfar.ch\\\/content\\\/wp-content\\\/uploads\\\/2022\\\/12\\\/logo4.png\",\"width\":543,\"height\":204,\"caption\":\"elfar GmbH\"},\"image\":{\"@id\":\"https:\\\/\\\/elfar.ch\\\/content\\\/#\\\/schema\\\/logo\\\/image\\\/\"},\"sameAs\":[\"https:\\\/\\\/www.instagram.com\\\/elfar_gmbh\\\/\"]}]}<\/script>\n<!-- \/ Yoast SEO plugin. -->","yoast_head_json":{"title":"Nihola - Elfar","robots":{"index":"index","follow":"follow","max-snippet":"max-snippet:-1","max-image-preview":"max-image-preview:large","max-video-preview":"max-video-preview:-1"},"canonical":"https:\/\/elfar.ch\/content\/produkte\/e-bikes\/nihola\/","og_locale":"de_DE","og_type":"article","og_title":"Nihola - Elfar","og_url":"https:\/\/elfar.ch\/content\/produkte\/e-bikes\/nihola\/","og_site_name":"Elfar","article_modified_time":"2023-03-26T12:00:31+00:00","twitter_card":"summary_large_image","twitter_misc":{"Gesch\u00e4tzte Lesezeit":"3\u00a0Minuten"},"schema":{"@context":"https:\/\/schema.org","@graph":[{"@type":"WebPage","@id":"https:\/\/elfar.ch\/content\/produkte\/e-bikes\/nihola\/","url":"https:\/\/elfar.ch\/content\/produkte\/e-bikes\/nihola\/","name":"Nihola - Elfar","isPartOf":{"@id":"https:\/\/elfar.ch\/content\/#website"},"datePublished":"2023-02-10T20:54:45+00:00","dateModified":"2023-03-26T12:00:31+00:00","breadcrumb":{"@id":"https:\/\/elfar.ch\/content\/produkte\/e-bikes\/nihola\/#breadcrumb"},"inLanguage":"de","potentialAction":[{"@type":"ReadAction","target":["https:\/\/elfar.ch\/content\/produkte\/e-bikes\/nihola\/"]}]},{"@type":"BreadcrumbList","@id":"https:\/\/elfar.ch\/content\/produkte\/e-bikes\/nihola\/#breadcrumb","itemListElement":[{"@type":"ListItem","position":1,"name":"Startseite","item":"https:\/\/elfar.ch\/content\/"},{"@type":"ListItem","position":2,"name":"Produkte","item":"https:\/\/elfar.ch\/content\/produkte\/"},{"@type":"ListItem","position":3,"name":"E-Bike","item":"https:\/\/elfar.ch\/content\/produkte\/e-bikes\/"},{"@type":"ListItem","position":4,"name":"Nihola"}]},{"@type":"WebSite","@id":"https:\/\/elfar.ch\/content\/#website","url":"https:\/\/elfar.ch\/content\/","name":"elfar","description":"Wir fahren elektrisch","publisher":{"@id":"https:\/\/elfar.ch\/content\/#organization"},"potentialAction":[{"@type":"SearchAction","target":{"@type":"EntryPoint","urlTemplate":"https:\/\/elfar.ch\/content\/?s={search_term_string}"},"query-input":{"@type":"PropertyValueSpecification","valueRequired":true,"valueName":"search_term_string"}}],"inLanguage":"de"},{"@type":"Organization","@id":"https:\/\/elfar.ch\/content\/#organization","name":"elfar GmbH","url":"https:\/\/elfar.ch\/content\/","logo":{"@type":"ImageObject","inLanguage":"de","@id":"https:\/\/elfar.ch\/content\/#\/schema\/logo\/image\/","url":"https:\/\/elfar.ch\/content\/wp-content\/uploads\/2022\/12\/logo4.png","contentUrl":"https:\/\/elfar.ch\/content\/wp-content\/uploads\/2022\/12\/logo4.png","width":543,"height":204,"caption":"elfar GmbH"},"image":{"@id":"https:\/\/elfar.ch\/content\/#\/schema\/logo\/image\/"},"sameAs":["https:\/\/www.instagram.com\/elfar_gmbh\/"]}]}},"_links":{"self":[{"href":"https:\/\/elfar.ch\/content\/wp-json\/wp\/v2\/pages\/465","targetHints":{"allow":["GET"]}}],"collection":[{"href":"https:\/\/elfar.ch\/content\/wp-json\/wp\/v2\/pages"}],"about":[{"href":"https:\/\/elfar.ch\/content\/wp-json\/wp\/v2\/types\/page"}],"author":[{"embeddable":true,"href":"https:\/\/elfar.ch\/content\/wp-json\/wp\/v2\/users\/1"}],"replies":[{"embeddable":true,"href":"https:\/\/elfar.ch\/content\/wp-json\/wp\/v2\/comments?post=465"}],"version-history":[{"count":20,"href":"https:\/\/elfar.ch\/content\/wp-json\/wp\/v2\/pages\/465\/revisions"}],"predecessor-version":[{"id":1444,"href":"https:\/\/elfar.ch\/content\/wp-json\/wp\/v2\/pages\/465\/revisions\/1444"}],"up":[{"embeddable":true,"href":"https:\/\/elfar.ch\/content\/wp-json\/wp\/v2\/pages\/86"}],"wp:attachment":[{"href":"https:\/\/elfar.ch\/content\/wp-json\/wp\/v2\/media?parent=465"}],"curies":[{"name":"wp","href":"https:\/\/api.w.org\/{rel}","templated":true}]}}